{"id":744,"date":"2017-11-21T16:28:09","date_gmt":"2017-11-21T15:28:09","guid":{"rendered":"http:\/\/maudveith.com\/?page_id=744"},"modified":"2026-02-17T11:59:14","modified_gmt":"2026-02-17T10:59:14","slug":"sos-mediterranee","status":"publish","type":"page","link":"http:\/\/maudveith.com\/?page_id=744","title":{"rendered":"Ils arrivent pieds nus par la mer"},"content":{"rendered":"\n<main class=\"wp-block-group\"><div class=\"wp-block-group__inner-container is-layout-flow wp-block-group-is-layout-flow\">\n<div class=\"wp-block-group\"><div class=\"wp-block-group__inner-container is-layout-flow wp-block-group-is-layout-flow\">\n<div class=\"wp-block-group\"><div class=\"wp-block-group__inner-container is-layout-flow wp-block-group-is-layout-flow\">\n<div class=\"wp-block-columns is-layout-flex wp-container-core-columns-is-layout-9d6595d7 wp-block-columns-is-layout-flex\">\n<div class=\"wp-block-column is-layout-flow wp-block-column-is-layout-flow\" style=\"flex-basis:100%\"><\/div>\n<\/div>\n<\/div><\/div>\n<\/div><\/div>\n<\/div><\/main>\n\n\n\n<figure class=\"wp-block-gallery has-nested-images columns-1 is-cropped wp-block-gallery-1 is-layout-flex wp-block-gallery-is-layout-flex\">\n<figure class=\"wp-block-image size-large\"><a href=\"http:\/\/maudveith.com\/?attachment_id=965\"><img loading=\"lazy\" decoding=\"async\" width=\"945\" height=\"630\" data-id=\"965\" src=\"http:\/\/maudveith.com\/wp-content\/uploads\/2017\/11\/AQU_1418.jpg\" alt=\"\" class=\"wp-image-965\" srcset=\"http:\/\/maudveith.com\/wp-content\/uploads\/2017\/11\/AQU_1418.jpg 945w, http:\/\/maudveith.com\/wp-content\/uploads\/2017\/11\/AQU_1418-300x200.jpg 300w, http:\/\/maudveith.com\/wp-content\/uploads\/2017\/11\/AQU_1418-768x512.jpg 768w\" sizes=\"auto, (max-width: 945px) 100vw, 945px\" \/><\/a><\/figure>\n\n\n\n<figure class=\"wp-block-image size-large\"><a href=\"http:\/\/maudveith.com\/?attachment_id=1158\"><img loading=\"lazy\" decoding=\"async\" width=\"945\" height=\"630\" data-id=\"1158\" src=\"http:\/\/maudveith.com\/wp-content\/uploads\/2017\/11\/01_Veith.jpg\" alt=\"\" class=\"wp-image-1158\" srcset=\"http:\/\/maudveith.com\/wp-content\/uploads\/2017\/11\/01_Veith.jpg 945w, http:\/\/maudveith.com\/wp-content\/uploads\/2017\/11\/01_Veith-300x200.jpg 300w, http:\/\/maudveith.com\/wp-content\/uploads\/2017\/11\/01_Veith-768x512.jpg 768w\" sizes=\"auto, (max-width: 945px) 100vw, 945px\" \/><\/a><\/figure>\n\n\n\n<figure class=\"wp-block-image size-large\"><a href=\"http:\/\/maudveith.com\/?attachment_id=969\"><img loading=\"lazy\" decoding=\"async\" width=\"945\" height=\"630\" data-id=\"969\" src=\"http:\/\/maudveith.com\/wp-content\/uploads\/2017\/11\/AQU_1449leg.jpg\" alt=\"\" class=\"wp-image-969\" srcset=\"http:\/\/maudveith.com\/wp-content\/uploads\/2017\/11\/AQU_1449leg.jpg 945w, http:\/\/maudveith.com\/wp-content\/uploads\/2017\/11\/AQU_1449leg-300x200.jpg 300w, http:\/\/maudveith.com\/wp-content\/uploads\/2017\/11\/AQU_1449leg-768x512.jpg 768w\" sizes=\"auto, (max-width: 945px) 100vw, 945px\" \/><\/a><\/figure>\n\n\n\n<figure class=\"wp-block-image size-large\"><a href=\"http:\/\/maudveith.com\/?attachment_id=970\"><img loading=\"lazy\" decoding=\"async\" width=\"945\" height=\"630\" data-id=\"970\" src=\"http:\/\/maudveith.com\/wp-content\/uploads\/2017\/11\/AQU_1455leg.jpg\" alt=\"\" class=\"wp-image-970\" srcset=\"http:\/\/maudveith.com\/wp-content\/uploads\/2017\/11\/AQU_1455leg.jpg 945w, http:\/\/maudveith.com\/wp-content\/uploads\/2017\/11\/AQU_1455leg-300x200.jpg 300w, http:\/\/maudveith.com\/wp-content\/uploads\/2017\/11\/AQU_1455leg-768x512.jpg 768w\" sizes=\"auto, (max-width: 945px) 100vw, 945px\" \/><\/a><\/figure>\n\n\n\n<figure class=\"wp-block-image size-large\"><a href=\"http:\/\/maudveith.com\/?attachment_id=956\"><img loading=\"lazy\" decoding=\"async\" width=\"1024\" height=\"683\" data-id=\"956\" src=\"http:\/\/maudveith.com\/wp-content\/uploads\/2017\/11\/AQU_1504leg-1024x683.jpg\" alt=\"\" class=\"wp-image-956\" srcset=\"http:\/\/maudveith.com\/wp-content\/uploads\/2017\/11\/AQU_1504leg-1024x683.jpg 1024w, http:\/\/maudveith.com\/wp-content\/uploads\/2017\/11\/AQU_1504leg-300x200.jpg 300w, http:\/\/maudveith.com\/wp-content\/uploads\/2017\/11\/AQU_1504leg-768x512.jpg 768w, http:\/\/maudveith.com\/wp-content\/uploads\/2017\/11\/AQU_1504leg.jpg 1890w\" sizes=\"auto, (max-width: 1024px) 100vw, 1024px\" \/><\/a><\/figure>\n\n\n\n<figure class=\"wp-block-image size-large\"><a href=\"http:\/\/maudveith.com\/?attachment_id=957\"><img loading=\"lazy\" decoding=\"async\" width=\"1024\" height=\"683\" data-id=\"957\" src=\"http:\/\/maudveith.com\/wp-content\/uploads\/2017\/11\/AQU_1622leg-1024x683.jpg\" alt=\"\" class=\"wp-image-957\" srcset=\"http:\/\/maudveith.com\/wp-content\/uploads\/2017\/11\/AQU_1622leg-1024x683.jpg 1024w, http:\/\/maudveith.com\/wp-content\/uploads\/2017\/11\/AQU_1622leg-300x200.jpg 300w, http:\/\/maudveith.com\/wp-content\/uploads\/2017\/11\/AQU_1622leg-768x512.jpg 768w, http:\/\/maudveith.com\/wp-content\/uploads\/2017\/11\/AQU_1622leg.jpg 1417w\" sizes=\"auto, (max-width: 1024px) 100vw, 1024px\" \/><\/a><\/figure>\n\n\n\n<figure class=\"wp-block-image size-large\"><a href=\"http:\/\/maudveith.com\/?attachment_id=962\"><img loading=\"lazy\" decoding=\"async\" width=\"945\" height=\"630\" data-id=\"962\" src=\"http:\/\/maudveith.com\/wp-content\/uploads\/2017\/11\/AQU_1639leg.jpg\" alt=\"\" class=\"wp-image-962\" srcset=\"http:\/\/maudveith.com\/wp-content\/uploads\/2017\/11\/AQU_1639leg.jpg 945w, http:\/\/maudveith.com\/wp-content\/uploads\/2017\/11\/AQU_1639leg-300x200.jpg 300w, http:\/\/maudveith.com\/wp-content\/uploads\/2017\/11\/AQU_1639leg-768x512.jpg 768w\" sizes=\"auto, (max-width: 945px) 100vw, 945px\" \/><\/a><\/figure>\n\n\n\n<figure class=\"wp-block-image size-large\"><a href=\"http:\/\/maudveith.com\/?attachment_id=1820\"><img loading=\"lazy\" decoding=\"async\" width=\"1024\" height=\"683\" data-id=\"1820\" src=\"http:\/\/maudveith.com\/wp-content\/uploads\/2020\/05\/AQU_1687H-1024x683.jpg\" alt=\"\" class=\"wp-image-1820\" srcset=\"http:\/\/maudveith.com\/wp-content\/uploads\/2020\/05\/AQU_1687H-1024x683.jpg 1024w, http:\/\/maudveith.com\/wp-content\/uploads\/2020\/05\/AQU_1687H-300x200.jpg 300w, http:\/\/maudveith.com\/wp-content\/uploads\/2020\/05\/AQU_1687H-768x512.jpg 768w, http:\/\/maudveith.com\/wp-content\/uploads\/2020\/05\/AQU_1687H.jpg 1417w\" sizes=\"auto, (max-width: 1024px) 100vw, 1024px\" \/><\/a><\/figure>\n\n\n\n<figure class=\"wp-block-image size-large\"><a href=\"http:\/\/maudveith.com\/?attachment_id=963\"><img loading=\"lazy\" decoding=\"async\" width=\"1024\" height=\"682\" data-id=\"963\" src=\"http:\/\/maudveith.com\/wp-content\/uploads\/2017\/11\/AQU_1695-1-1024x682.jpg\" alt=\"\" class=\"wp-image-963\" srcset=\"http:\/\/maudveith.com\/wp-content\/uploads\/2017\/11\/AQU_1695-1-1024x682.jpg 1024w, http:\/\/maudveith.com\/wp-content\/uploads\/2017\/11\/AQU_1695-1-300x200.jpg 300w, http:\/\/maudveith.com\/wp-content\/uploads\/2017\/11\/AQU_1695-1-768x512.jpg 768w, http:\/\/maudveith.com\/wp-content\/uploads\/2017\/11\/AQU_1695-1.jpg 1400w\" sizes=\"auto, (max-width: 1024px) 100vw, 1024px\" \/><\/a><\/figure>\n\n\n\n<figure class=\"wp-block-image size-large\"><a href=\"http:\/\/maudveith.com\/?attachment_id=961\"><img loading=\"lazy\" decoding=\"async\" width=\"1024\" height=\"683\" data-id=\"961\" src=\"http:\/\/maudveith.com\/wp-content\/uploads\/2017\/11\/AQU_1633leg-1024x683.jpg\" alt=\"\" class=\"wp-image-961\" srcset=\"http:\/\/maudveith.com\/wp-content\/uploads\/2017\/11\/AQU_1633leg-1024x683.jpg 1024w, http:\/\/maudveith.com\/wp-content\/uploads\/2017\/11\/AQU_1633leg-300x200.jpg 300w, http:\/\/maudveith.com\/wp-content\/uploads\/2017\/11\/AQU_1633leg-768x512.jpg 768w, http:\/\/maudveith.com\/wp-content\/uploads\/2017\/11\/AQU_1633leg.jpg 1181w\" sizes=\"auto, (max-width: 1024px) 100vw, 1024px\" \/><\/a><figcaption class=\"wp-element-caption\"> <\/figcaption><\/figure>\n\n\n\n<figure class=\"wp-block-image size-large\"><a href=\"http:\/\/maudveith.com\/?attachment_id=854\"><img loading=\"lazy\" decoding=\"async\" width=\"1024\" height=\"682\" data-id=\"854\" src=\"http:\/\/maudveith.com\/wp-content\/uploads\/2017\/11\/AQU_1707-1024x682.jpg\" alt=\"\" class=\"wp-image-854\" srcset=\"http:\/\/maudveith.com\/wp-content\/uploads\/2017\/11\/AQU_1707-1024x682.jpg 1024w, http:\/\/maudveith.com\/wp-content\/uploads\/2017\/11\/AQU_1707-300x200.jpg 300w, http:\/\/maudveith.com\/wp-content\/uploads\/2017\/11\/AQU_1707-768x512.jpg 768w, http:\/\/maudveith.com\/wp-content\/uploads\/2017\/11\/AQU_1707.jpg 1301w\" sizes=\"auto, (max-width: 1024px) 100vw, 1024px\" \/><\/a><\/figure>\n\n\n\n<figure class=\"wp-block-image size-large\"><a href=\"http:\/\/maudveith.com\/index.php\/sos-mediterranee\/9-1\/\"><img decoding=\"async\" data-id=\"1528\" src=\"http:\/\/maudveith.com\/wp-content\/uploads\/2017\/11\/9-1-1024x683.jpg\" alt=\"\" class=\"wp-image-1528\"\/><\/a><\/figure>\n\n\n\n<figure class=\"wp-block-image size-large\"><a href=\"http:\/\/maudveith.com\/?attachment_id=827\"><img loading=\"lazy\" decoding=\"async\" width=\"1024\" height=\"682\" data-id=\"827\" src=\"http:\/\/maudveith.com\/wp-content\/uploads\/2017\/11\/AQU_1712-1024x682.jpg\" alt=\"\" class=\"wp-image-827\" srcset=\"http:\/\/maudveith.com\/wp-content\/uploads\/2017\/11\/AQU_1712-1024x682.jpg 1024w, http:\/\/maudveith.com\/wp-content\/uploads\/2017\/11\/AQU_1712-300x200.jpg 300w, http:\/\/maudveith.com\/wp-content\/uploads\/2017\/11\/AQU_1712-768x511.jpg 768w, http:\/\/maudveith.com\/wp-content\/uploads\/2017\/11\/AQU_1712.jpg 1400w\" sizes=\"auto, (max-width: 1024px) 100vw, 1024px\" \/><\/a><\/figure>\n\n\n\n<figure class=\"wp-block-image size-large\"><a href=\"http:\/\/maudveith.com\/?attachment_id=828\"><img loading=\"lazy\" decoding=\"async\" width=\"1024\" height=\"682\" data-id=\"828\" src=\"http:\/\/maudveith.com\/wp-content\/uploads\/2017\/11\/AQU_1725-2-1024x682.jpg\" alt=\"\" class=\"wp-image-828\" srcset=\"http:\/\/maudveith.com\/wp-content\/uploads\/2017\/11\/AQU_1725-2-1024x682.jpg 1024w, http:\/\/maudveith.com\/wp-content\/uploads\/2017\/11\/AQU_1725-2-300x200.jpg 300w, http:\/\/maudveith.com\/wp-content\/uploads\/2017\/11\/AQU_1725-2-768x512.jpg 768w, http:\/\/maudveith.com\/wp-content\/uploads\/2017\/11\/AQU_1725-2.jpg 1400w\" sizes=\"auto, (max-width: 1024px) 100vw, 1024px\" \/><\/a><\/figure>\n\n\n\n<figure class=\"wp-block-image size-large\"><a href=\"http:\/\/maudveith.com\/?attachment_id=822\"><img loading=\"lazy\" decoding=\"async\" width=\"1024\" height=\"682\" data-id=\"822\" src=\"http:\/\/maudveith.com\/wp-content\/uploads\/2017\/11\/AQU_1608-1-1024x682.jpg\" alt=\"\" class=\"wp-image-822\" srcset=\"http:\/\/maudveith.com\/wp-content\/uploads\/2017\/11\/AQU_1608-1-1024x682.jpg 1024w, http:\/\/maudveith.com\/wp-content\/uploads\/2017\/11\/AQU_1608-1-300x200.jpg 300w, http:\/\/maudveith.com\/wp-content\/uploads\/2017\/11\/AQU_1608-1-768x512.jpg 768w, http:\/\/maudveith.com\/wp-content\/uploads\/2017\/11\/AQU_1608-1.jpg 1400w\" sizes=\"auto, (max-width: 1024px) 100vw, 1024px\" \/><\/a><\/figure>\n\n\n\n<figure class=\"wp-block-image size-large\"><a href=\"http:\/\/maudveith.com\/?attachment_id=1057\"><img loading=\"lazy\" decoding=\"async\" width=\"945\" height=\"630\" data-id=\"1057\" src=\"http:\/\/maudveith.com\/wp-content\/uploads\/2017\/11\/AQU_1112.jpg\" alt=\"\" class=\"wp-image-1057\" srcset=\"http:\/\/maudveith.com\/wp-content\/uploads\/2017\/11\/AQU_1112.jpg 945w, http:\/\/maudveith.com\/wp-content\/uploads\/2017\/11\/AQU_1112-300x200.jpg 300w, http:\/\/maudveith.com\/wp-content\/uploads\/2017\/11\/AQU_1112-768x512.jpg 768w\" sizes=\"auto, (max-width: 945px) 100vw, 945px\" \/><\/a><\/figure>\n\n\n\n<figure class=\"wp-block-image size-large\"><img loading=\"lazy\" decoding=\"async\" width=\"1024\" height=\"683\" data-id=\"3119\" src=\"http:\/\/maudveith.com\/wp-content\/uploads\/2026\/01\/14_Veith-1024x683.jpg\" alt=\"\" class=\"wp-image-3119\" srcset=\"http:\/\/maudveith.com\/wp-content\/uploads\/2026\/01\/14_Veith-1024x683.jpg 1024w, http:\/\/maudveith.com\/wp-content\/uploads\/2026\/01\/14_Veith-300x200.jpg 300w, http:\/\/maudveith.com\/wp-content\/uploads\/2026\/01\/14_Veith-768x512.jpg 768w, http:\/\/maudveith.com\/wp-content\/uploads\/2026\/01\/14_Veith-1536x1024.jpg 1536w, http:\/\/maudveith.com\/wp-content\/uploads\/2026\/01\/14_Veith-2048x1366.jpg 2048w\" sizes=\"auto, (max-width: 1024px) 100vw, 1024px\" \/><\/figure>\n\n\n\n<figure class=\"wp-block-image size-large\"><a href=\"http:\/\/maudveith.com\/?attachment_id=1061\"><img loading=\"lazy\" decoding=\"async\" width=\"945\" height=\"630\" data-id=\"1061\" src=\"http:\/\/maudveith.com\/wp-content\/uploads\/2017\/11\/AQU_9076.jpg\" alt=\"\" class=\"wp-image-1061\" srcset=\"http:\/\/maudveith.com\/wp-content\/uploads\/2017\/11\/AQU_9076.jpg 945w, http:\/\/maudveith.com\/wp-content\/uploads\/2017\/11\/AQU_9076-300x200.jpg 300w, http:\/\/maudveith.com\/wp-content\/uploads\/2017\/11\/AQU_9076-768x512.jpg 768w\" sizes=\"auto, (max-width: 945px) 100vw, 945px\" \/><\/a><\/figure>\n\n\n\n<figure class=\"wp-block-image size-large\"><a href=\"http:\/\/maudveith.com\/?attachment_id=1059\"><img loading=\"lazy\" decoding=\"async\" width=\"945\" height=\"630\" data-id=\"1059\" src=\"http:\/\/maudveith.com\/wp-content\/uploads\/2017\/11\/AQU_1305.jpg\" alt=\"\" class=\"wp-image-1059\" srcset=\"http:\/\/maudveith.com\/wp-content\/uploads\/2017\/11\/AQU_1305.jpg 945w, http:\/\/maudveith.com\/wp-content\/uploads\/2017\/11\/AQU_1305-300x200.jpg 300w, http:\/\/maudveith.com\/wp-content\/uploads\/2017\/11\/AQU_1305-768x512.jpg 768w\" sizes=\"auto, (max-width: 945px) 100vw, 945px\" \/><\/a><\/figure>\n\n\n\n<figure class=\"wp-block-image size-large\"><a href=\"http:\/\/maudveith.com\/?attachment_id=1058\"><img loading=\"lazy\" decoding=\"async\" width=\"945\" height=\"630\" data-id=\"1058\" src=\"http:\/\/maudveith.com\/wp-content\/uploads\/2017\/11\/AQU_1190.jpg\" alt=\"\" class=\"wp-image-1058\" srcset=\"http:\/\/maudveith.com\/wp-content\/uploads\/2017\/11\/AQU_1190.jpg 945w, http:\/\/maudveith.com\/wp-content\/uploads\/2017\/11\/AQU_1190-300x200.jpg 300w, http:\/\/maudveith.com\/wp-content\/uploads\/2017\/11\/AQU_1190-768x512.jpg 768w\" sizes=\"auto, (max-width: 945px) 100vw, 945px\" \/><\/a><\/figure>\n\n\n\n<figure class=\"wp-block-image size-large\"><a href=\"http:\/\/maudveith.com\/?attachment_id=1157\"><img loading=\"lazy\" decoding=\"async\" width=\"1024\" height=\"682\" data-id=\"1157\" src=\"http:\/\/maudveith.com\/wp-content\/uploads\/2017\/11\/17_Veith-1024x682.jpg\" alt=\"\" class=\"wp-image-1157\" srcset=\"http:\/\/maudveith.com\/wp-content\/uploads\/2017\/11\/17_Veith-1024x682.jpg 1024w, http:\/\/maudveith.com\/wp-content\/uploads\/2017\/11\/17_Veith-300x200.jpg 300w, http:\/\/maudveith.com\/wp-content\/uploads\/2017\/11\/17_Veith-768x512.jpg 768w, http:\/\/maudveith.com\/wp-content\/uploads\/2017\/11\/17_Veith.jpg 1181w\" sizes=\"auto, (max-width: 1024px) 100vw, 1024px\" \/><\/a><\/figure>\n\n\n\n<figure class=\"wp-block-image size-large\"><a href=\"http:\/\/maudveith.com\/?attachment_id=1060\"><img loading=\"lazy\" decoding=\"async\" width=\"945\" height=\"630\" data-id=\"1060\" src=\"http:\/\/maudveith.com\/wp-content\/uploads\/2017\/11\/AQU_1648.jpg\" alt=\"\" class=\"wp-image-1060\" srcset=\"http:\/\/maudveith.com\/wp-content\/uploads\/2017\/11\/AQU_1648.jpg 945w, http:\/\/maudveith.com\/wp-content\/uploads\/2017\/11\/AQU_1648-300x200.jpg 300w, http:\/\/maudveith.com\/wp-content\/uploads\/2017\/11\/AQU_1648-768x512.jpg 768w\" sizes=\"auto, (max-width: 945px) 100vw, 945px\" \/><\/a><\/figure>\n\n\n\n<figure class=\"wp-block-image size-large\"><a href=\"http:\/\/maudveith.com\/?attachment_id=1065\"><img loading=\"lazy\" decoding=\"async\" width=\"1024\" height=\"683\" data-id=\"1065\" src=\"http:\/\/maudveith.com\/wp-content\/uploads\/2017\/11\/AQU_2005-1024x683.jpg\" alt=\"\" class=\"wp-image-1065\" srcset=\"http:\/\/maudveith.com\/wp-content\/uploads\/2017\/11\/AQU_2005-1024x683.jpg 1024w, http:\/\/maudveith.com\/wp-content\/uploads\/2017\/11\/AQU_2005-300x200.jpg 300w, http:\/\/maudveith.com\/wp-content\/uploads\/2017\/11\/AQU_2005-768x512.jpg 768w, http:\/\/maudveith.com\/wp-content\/uploads\/2017\/11\/AQU_2005.jpg 1417w\" sizes=\"auto, (max-width: 1024px) 100vw, 1024px\" \/><\/a><\/figure>\n<\/figure>\n\n\n\n<iframe loading=\"lazy\" width=\"100%\" height=\"166\" scrolling=\"no\" frameborder=\"no\" allow=\"autoplay\" src=\"https:\/\/w.soundcloud.com\/player\/?url=https%3A\/\/api.soundcloud.com\/tracks\/839228308&amp;color=%23b1e0d6&amp;auto_play=false&amp;hide_related=false&amp;show_comments=true&amp;show_user=true&amp;show_reposts=false&amp;show_teaser=true\"><\/iframe><div style=\"font-size: 10px; color: #cccccc;line-break: anywhere;word-break: normal;overflow: hidden;white-space: nowrap;text-overflow: ellipsis; font-family: Interstate,Lucida Grande,Lucida Sans Unicode,Lucida Sans,Garuda,Verdana,Tahoma,sans-serif;font-weight: 100;\"><a href=\"https:\/\/soundcloud.com\/antoine-clement-535256513\" title=\"Women of the Seas\" target=\"_blank\" style=\"color: #cccccc; text-decoration: none;\" rel=\"noopener noreferrer\">Women of the Seas<\/a> \u00b7 <a href=\"https:\/\/soundcloud.com\/antoine-clement-535256513\/episode-01-ils-arrivent-pieds\" title=\"Episode 01 : &quot;Ils arrivent pieds nus par la mer&quot;\" target=\"_blank\" style=\"color: #cccccc; text-decoration: none;\" rel=\"noopener noreferrer\">Episode 01 : \u00ab\u00a0Ils arrivent pieds nus par la mer\u00a0\u00bb<\/a><\/div>\n\n\n<p><iframe loading=\"lazy\" title=\"Ils arrivent pieds nus par la mer - Maud Veith\/SOS MEDITERRANEE\" width=\"500\" height=\"281\" src=\"https:\/\/www.youtube.com\/embed\/joiMg2HAzjI?feature=oembed\" frameborder=\"0\" allow=\"accelerometer; autoplay; clipboard-write; encrypted-media; gyroscope; picture-in-picture; web-share\" referrerpolicy=\"strict-origin-when-cross-origin\" allowfullscreen><\/iframe><\/p>\n\n\n\n<p class=\"has-small-font-size\">En octobre 2017, j\u2019embarquai pour la premi\u00e8re fois \u00e0 bord de l\u2019Aquarius, bateau humanitaire sillonnant les eaux internationales au large de la Libye. J&rsquo;ai \u00e9t\u00e9 tr\u00e8s marqu\u00e9e par la vision de ces personnes qui avaient pris la mer en laissant derri\u00e8re eux une partie de leur histoire. Nombre d\u2019entre elles ont \u00e9t\u00e9 r\u00e9cup\u00e9r\u00e9es pieds nus, avec pour tout bagage un petit sac plastique contenant l&rsquo;essentiel de leurs affaires. Pour fuir l&rsquo;horreur, elles s\u2019\u00e9taient entass\u00e9es dans des embarcations de fortune, s\u2019aventurant en mer, en pleine nuit, bravant le froid, la houle et la peur. La plupart n\u2019avait jamais vu la mer. Apr\u00e8s trois semaines de mission, 588 rescap\u00e9s ont \u00e9t\u00e9 d\u00e9pos\u00e9 sur la terre ferme, au port de Vibo Valentia, dans le sud de l\u2019Italie. <\/p>\n\n\n\n<p class=\"has-small-font-size\">Je suis retourn\u00e9e \u00e0 bord de l&rsquo;Aquarius en septembre 2018 alors que l\u2019Italie avait ferm\u00e9 ses ports et que nous \u00e9tions le dernier bateau civil sur zone. A la suite de deux sauvetages, 58 personnes ont \u00e9t\u00e9 secourues dont treize enfants. Ballott\u00e9 au gr\u00e9 des humeurs politiques, nous avons d\u00e9riv\u00e9 une semaine autour de Malte. Nous, l\u2019\u00e9quipage et les rescap\u00e9s, \u00e9tions devenus des ind\u00e9sirables, t\u00e9moins g\u00eanants de la situation en M\u00e9diterran\u00e9e centrale. Les liens se resserraient au fil des jours o\u00f9 nous partagions doutes, col\u00e8res, rires et frustrations. Les enfants r\u00e9inventaient sans cesse le terrain de jeux.<\/p>\n\n\n\n<p class=\"has-small-font-size\"> Pour tous, interroger l\u2019horizon \u00e9tait devenu l\u2019activit\u00e9 principale.<\/p>\n\n\n\n<p class=\"has-small-font-size\"> Cette s\u00e9rie d\u2019images a \u00e9t\u00e9 prise \u00e0 une ann\u00e9e d\u2019intervalle. J\u2019ai \u00e9t\u00e9 t\u00e9moin de l\u2019entraide qui r\u00e8gne \u00e0 bord de l\u2019Aquarius, de l&rsquo;incroyable r\u00e9silience qui accompagne chaque personne dans son parcours migratoire, ainsi que d\u2019un spectacle effrayant qui se d\u00e9roule loin de tous, en haute mer.<\/p>\n","protected":false},"excerpt":{"rendered":"<p>Women of the Seas \u00b7 Episode 01 : \u00ab\u00a0Ils arrivent pieds nus par la mer\u00a0\u00bb En octobre 2017, j\u2019embarquai pour la premi\u00e8re fois \u00e0 bord&#8230;<\/p>\n<div class=\"more-link-wrapper\"><a class=\"more-link\" href=\"http:\/\/maudveith.com\/?page_id=744\">Continue Reading<span class=\"screen-reader-text\">Ils arrivent pieds nus par la mer<\/span><\/a><\/div>\n","protected":false},"author":1,"featured_media":0,"parent":0,"menu_order":0,"comment_status":"closed","ping_status":"closed","template":"","meta":{"footnotes":""},"class_list":["post-744","page","type-page","status-publish","hentry","entry"],"_links":{"self":[{"href":"http:\/\/maudveith.com\/index.php?rest_route=\/wp\/v2\/pages\/744","targetHints":{"allow":["GET"]}}],"collection":[{"href":"http:\/\/maudveith.com\/index.php?rest_route=\/wp\/v2\/pages"}],"about":[{"href":"http:\/\/maudveith.com\/index.php?rest_route=\/wp\/v2\/types\/page"}],"author":[{"embeddable":true,"href":"http:\/\/maudveith.com\/index.php?rest_route=\/wp\/v2\/users\/1"}],"replies":[{"embeddable":true,"href":"http:\/\/maudveith.com\/index.php?rest_route=%2Fwp%2Fv2%2Fcomments&post=744"}],"version-history":[{"count":79,"href":"http:\/\/maudveith.com\/index.php?rest_route=\/wp\/v2\/pages\/744\/revisions"}],"predecessor-version":[{"id":3180,"href":"http:\/\/maudveith.com\/index.php?rest_route=\/wp\/v2\/pages\/744\/revisions\/3180"}],"wp:attachment":[{"href":"http:\/\/maudveith.com\/index.php?rest_route=%2Fwp%2Fv2%2Fmedia&parent=744"}],"curies":[{"name":"wp","href":"https:\/\/api.w.org\/{rel}","templated":true}]}}