{"id":516,"date":"2017-03-24T16:55:46","date_gmt":"2017-03-24T15:55:46","guid":{"rendered":"http:\/\/maudveith.com\/?page_id=516"},"modified":"2025-06-17T10:28:08","modified_gmt":"2025-06-17T08:28:08","slug":"association-jinterviendrais","status":"publish","type":"page","link":"http:\/\/maudveith.com\/?page_id=516","title":{"rendered":"Ces gamins-l\u00e0"},"content":{"rendered":"<address>\u00a0<\/address>\n<div id='gallery-1' class='gallery galleryid-516 gallery-columns-1 gallery-size-full'><figure class='gallery-item'>\n\t\t\t<div class='gallery-icon landscape'>\n\t\t\t\t<a href='http:\/\/maudveith.com\/?attachment_id=518'><img loading=\"lazy\" decoding=\"async\" width=\"850\" height=\"565\" src=\"http:\/\/maudveith.com\/wp-content\/uploads\/2017\/03\/scan002.jpg\" class=\"attachment-full size-full\" alt=\"\" srcset=\"http:\/\/maudveith.com\/wp-content\/uploads\/2017\/03\/scan002.jpg 850w, http:\/\/maudveith.com\/wp-content\/uploads\/2017\/03\/scan002-300x199.jpg 300w, http:\/\/maudveith.com\/wp-content\/uploads\/2017\/03\/scan002-768x510.jpg 768w\" sizes=\"auto, (max-width: 850px) 100vw, 850px\" \/><\/a>\n\t\t\t<\/div><\/figure><figure class='gallery-item'>\n\t\t\t<div class='gallery-icon landscape'>\n\t\t\t\t<a href='http:\/\/maudveith.com\/?attachment_id=1810'><img loading=\"lazy\" decoding=\"async\" width=\"1417\" height=\"942\" src=\"http:\/\/maudveith.com\/wp-content\/uploads\/2020\/05\/scan041.jpg\" class=\"attachment-full size-full\" alt=\"\" srcset=\"http:\/\/maudveith.com\/wp-content\/uploads\/2020\/05\/scan041.jpg 1417w, http:\/\/maudveith.com\/wp-content\/uploads\/2020\/05\/scan041-300x199.jpg 300w, http:\/\/maudveith.com\/wp-content\/uploads\/2020\/05\/scan041-1024x681.jpg 1024w, http:\/\/maudveith.com\/wp-content\/uploads\/2020\/05\/scan041-768x511.jpg 768w\" sizes=\"auto, (max-width: 1417px) 100vw, 1417px\" \/><\/a>\n\t\t\t<\/div><\/figure><figure class='gallery-item'>\n\t\t\t<div class='gallery-icon landscape'>\n\t\t\t\t<a href='http:\/\/maudveith.com\/?attachment_id=524'><img loading=\"lazy\" decoding=\"async\" width=\"850\" height=\"565\" src=\"http:\/\/maudveith.com\/wp-content\/uploads\/2017\/03\/scan031.jpg\" class=\"attachment-full size-full\" alt=\"\" srcset=\"http:\/\/maudveith.com\/wp-content\/uploads\/2017\/03\/scan031.jpg 850w, http:\/\/maudveith.com\/wp-content\/uploads\/2017\/03\/scan031-300x199.jpg 300w, http:\/\/maudveith.com\/wp-content\/uploads\/2017\/03\/scan031-768x510.jpg 768w\" sizes=\"auto, (max-width: 850px) 100vw, 850px\" \/><\/a>\n\t\t\t<\/div><\/figure><figure class='gallery-item'>\n\t\t\t<div class='gallery-icon landscape'>\n\t\t\t\t<a href='http:\/\/maudveith.com\/?attachment_id=528'><img loading=\"lazy\" decoding=\"async\" width=\"850\" height=\"565\" src=\"http:\/\/maudveith.com\/wp-content\/uploads\/2017\/03\/scan038.jpg\" class=\"attachment-full size-full\" alt=\"\" srcset=\"http:\/\/maudveith.com\/wp-content\/uploads\/2017\/03\/scan038.jpg 850w, http:\/\/maudveith.com\/wp-content\/uploads\/2017\/03\/scan038-300x199.jpg 300w, http:\/\/maudveith.com\/wp-content\/uploads\/2017\/03\/scan038-768x510.jpg 768w\" sizes=\"auto, (max-width: 850px) 100vw, 850px\" \/><\/a>\n\t\t\t<\/div><\/figure><figure class='gallery-item'>\n\t\t\t<div class='gallery-icon landscape'>\n\t\t\t\t<a href='http:\/\/maudveith.com\/?attachment_id=517'><img loading=\"lazy\" decoding=\"async\" width=\"850\" height=\"566\" src=\"http:\/\/maudveith.com\/wp-content\/uploads\/2017\/03\/P1150980leg.jpg\" class=\"attachment-full size-full\" alt=\"\" srcset=\"http:\/\/maudveith.com\/wp-content\/uploads\/2017\/03\/P1150980leg.jpg 850w, http:\/\/maudveith.com\/wp-content\/uploads\/2017\/03\/P1150980leg-300x200.jpg 300w, http:\/\/maudveith.com\/wp-content\/uploads\/2017\/03\/P1150980leg-768x511.jpg 768w\" sizes=\"auto, (max-width: 850px) 100vw, 850px\" \/><\/a>\n\t\t\t<\/div><\/figure><figure class='gallery-item'>\n\t\t\t<div class='gallery-icon landscape'>\n\t\t\t\t<a href='http:\/\/maudveith.com\/?attachment_id=522'><img loading=\"lazy\" decoding=\"async\" width=\"850\" height=\"564\" src=\"http:\/\/maudveith.com\/wp-content\/uploads\/2017\/03\/scan016.jpg\" class=\"attachment-full size-full\" alt=\"\" srcset=\"http:\/\/maudveith.com\/wp-content\/uploads\/2017\/03\/scan016.jpg 850w, http:\/\/maudveith.com\/wp-content\/uploads\/2017\/03\/scan016-300x199.jpg 300w, http:\/\/maudveith.com\/wp-content\/uploads\/2017\/03\/scan016-768x510.jpg 768w\" sizes=\"auto, (max-width: 850px) 100vw, 850px\" \/><\/a>\n\t\t\t<\/div><\/figure><figure class='gallery-item'>\n\t\t\t<div class='gallery-icon portrait'>\n\t\t\t\t<a href='http:\/\/maudveith.com\/?attachment_id=2907'><img loading=\"lazy\" decoding=\"async\" width=\"709\" height=\"945\" src=\"http:\/\/maudveith.com\/wp-content\/uploads\/2025\/05\/\u00a9maudveith-08-copie.jpg\" class=\"attachment-full size-full\" alt=\"\" srcset=\"http:\/\/maudveith.com\/wp-content\/uploads\/2025\/05\/\u00a9maudveith-08-copie.jpg 709w, http:\/\/maudveith.com\/wp-content\/uploads\/2025\/05\/\u00a9maudveith-08-copie-225x300.jpg 225w\" sizes=\"auto, (max-width: 709px) 100vw, 709px\" \/><\/a>\n\t\t\t<\/div><\/figure><figure class='gallery-item'>\n\t\t\t<div class='gallery-icon landscape'>\n\t\t\t\t<a href='http:\/\/maudveith.com\/?attachment_id=523'><img loading=\"lazy\" decoding=\"async\" width=\"850\" height=\"562\" src=\"http:\/\/maudveith.com\/wp-content\/uploads\/2017\/03\/scan019.jpg\" class=\"attachment-full size-full\" alt=\"\" srcset=\"http:\/\/maudveith.com\/wp-content\/uploads\/2017\/03\/scan019.jpg 850w, http:\/\/maudveith.com\/wp-content\/uploads\/2017\/03\/scan019-300x198.jpg 300w, http:\/\/maudveith.com\/wp-content\/uploads\/2017\/03\/scan019-768x508.jpg 768w\" sizes=\"auto, (max-width: 850px) 100vw, 850px\" \/><\/a>\n\t\t\t<\/div><\/figure><figure class='gallery-item'>\n\t\t\t<div class='gallery-icon portrait'>\n\t\t\t\t<a href='http:\/\/maudveith.com\/?attachment_id=2908'><img loading=\"lazy\" decoding=\"async\" width=\"1063\" height=\"1417\" src=\"http:\/\/maudveith.com\/wp-content\/uploads\/2025\/05\/\u00a9maudveith-15.jpg\" class=\"attachment-full size-full\" alt=\"\" srcset=\"http:\/\/maudveith.com\/wp-content\/uploads\/2025\/05\/\u00a9maudveith-15.jpg 1063w, http:\/\/maudveith.com\/wp-content\/uploads\/2025\/05\/\u00a9maudveith-15-225x300.jpg 225w, http:\/\/maudveith.com\/wp-content\/uploads\/2025\/05\/\u00a9maudveith-15-768x1024.jpg 768w\" sizes=\"auto, (max-width: 1063px) 100vw, 1063px\" \/><\/a>\n\t\t\t<\/div><\/figure><figure class='gallery-item'>\n\t\t\t<div class='gallery-icon landscape'>\n\t\t\t\t<a href='http:\/\/maudveith.com\/?attachment_id=519'><img loading=\"lazy\" decoding=\"async\" width=\"850\" height=\"567\" src=\"http:\/\/maudveith.com\/wp-content\/uploads\/2017\/03\/scan009.jpg\" class=\"attachment-full size-full\" alt=\"\" srcset=\"http:\/\/maudveith.com\/wp-content\/uploads\/2017\/03\/scan009.jpg 850w, http:\/\/maudveith.com\/wp-content\/uploads\/2017\/03\/scan009-300x200.jpg 300w, http:\/\/maudveith.com\/wp-content\/uploads\/2017\/03\/scan009-768x512.jpg 768w\" sizes=\"auto, (max-width: 850px) 100vw, 850px\" \/><\/a>\n\t\t\t<\/div><\/figure><figure class='gallery-item'>\n\t\t\t<div class='gallery-icon landscape'>\n\t\t\t\t<a href='http:\/\/maudveith.com\/?attachment_id=2909'><img loading=\"lazy\" decoding=\"async\" width=\"1654\" height=\"1240\" src=\"http:\/\/maudveith.com\/wp-content\/uploads\/2025\/05\/\u00a9maudveith-10.jpg\" class=\"attachment-full size-full\" alt=\"\" srcset=\"http:\/\/maudveith.com\/wp-content\/uploads\/2025\/05\/\u00a9maudveith-10.jpg 1654w, http:\/\/maudveith.com\/wp-content\/uploads\/2025\/05\/\u00a9maudveith-10-300x225.jpg 300w, http:\/\/maudveith.com\/wp-content\/uploads\/2025\/05\/\u00a9maudveith-10-1024x768.jpg 1024w, http:\/\/maudveith.com\/wp-content\/uploads\/2025\/05\/\u00a9maudveith-10-768x576.jpg 768w, http:\/\/maudveith.com\/wp-content\/uploads\/2025\/05\/\u00a9maudveith-10-1536x1152.jpg 1536w\" sizes=\"auto, (max-width: 1654px) 100vw, 1654px\" \/><\/a>\n\t\t\t<\/div><\/figure><figure class='gallery-item'>\n\t\t\t<div class='gallery-icon portrait'>\n\t\t\t\t<a href='http:\/\/maudveith.com\/?attachment_id=520'><img loading=\"lazy\" decoding=\"async\" width=\"562\" height=\"850\" src=\"http:\/\/maudveith.com\/wp-content\/uploads\/2017\/03\/scan013-e1666723036769.jpg\" class=\"attachment-full size-full\" alt=\"\" \/><\/a>\n\t\t\t<\/div><\/figure><figure class='gallery-item'>\n\t\t\t<div class='gallery-icon landscape'>\n\t\t\t\t<a href='http:\/\/maudveith.com\/?attachment_id=521'><img loading=\"lazy\" decoding=\"async\" width=\"850\" height=\"564\" src=\"http:\/\/maudveith.com\/wp-content\/uploads\/2017\/03\/scan015.jpg\" class=\"attachment-full size-full\" alt=\"\" srcset=\"http:\/\/maudveith.com\/wp-content\/uploads\/2017\/03\/scan015.jpg 850w, http:\/\/maudveith.com\/wp-content\/uploads\/2017\/03\/scan015-300x199.jpg 300w, http:\/\/maudveith.com\/wp-content\/uploads\/2017\/03\/scan015-768x510.jpg 768w\" sizes=\"auto, (max-width: 850px) 100vw, 850px\" \/><\/a>\n\t\t\t<\/div><\/figure><figure class='gallery-item'>\n\t\t\t<div class='gallery-icon landscape'>\n\t\t\t\t<a href='http:\/\/maudveith.com\/?attachment_id=1293'><img loading=\"lazy\" decoding=\"async\" width=\"3360\" height=\"2240\" src=\"http:\/\/maudveith.com\/wp-content\/uploads\/2017\/03\/F1000031.jpg\" class=\"attachment-full size-full\" alt=\"\" srcset=\"http:\/\/maudveith.com\/wp-content\/uploads\/2017\/03\/F1000031.jpg 3360w, http:\/\/maudveith.com\/wp-content\/uploads\/2017\/03\/F1000031-300x200.jpg 300w, http:\/\/maudveith.com\/wp-content\/uploads\/2017\/03\/F1000031-768x512.jpg 768w, http:\/\/maudveith.com\/wp-content\/uploads\/2017\/03\/F1000031-1024x683.jpg 1024w\" sizes=\"auto, (max-width: 3360px) 100vw, 3360px\" \/><\/a>\n\t\t\t<\/div><\/figure><figure class='gallery-item'>\n\t\t\t<div class='gallery-icon landscape'>\n\t\t\t\t<a href='http:\/\/maudveith.com\/?attachment_id=525'><img loading=\"lazy\" decoding=\"async\" width=\"850\" height=\"563\" src=\"http:\/\/maudveith.com\/wp-content\/uploads\/2017\/03\/scan036.jpg\" class=\"attachment-full size-full\" alt=\"\" srcset=\"http:\/\/maudveith.com\/wp-content\/uploads\/2017\/03\/scan036.jpg 850w, http:\/\/maudveith.com\/wp-content\/uploads\/2017\/03\/scan036-300x199.jpg 300w, http:\/\/maudveith.com\/wp-content\/uploads\/2017\/03\/scan036-768x509.jpg 768w\" sizes=\"auto, (max-width: 850px) 100vw, 850px\" \/><\/a>\n\t\t\t<\/div><\/figure>\n\t\t<\/div>\n\n<h6>\u00a0<\/h6>\n\n\n<p class=\"has-small-font-size\">L\u2019association J\u2019interviendrais est engag\u00e9e depuis cinquante ans aupr\u00e8s d\u2019 enfants autistes et psychotiques, et de leur famille. Elle lutte pour la d\u00e9-psychiatrisation de l\u2019enfant. Elle a mont\u00e9 des lieux de vie et organis\u00e9 des temps de vacances. Entre 2010 et 2012, j\u2019ai \u00e9t\u00e9 \u00e9ducatrice sur de nombreux s\u00e9jours, accompagn\u00e9e de mon appareil photo argentique. Ils avaient lieu dans diff\u00e9rents coins de France, en pleine nature : Normandie, Berry et Provence. Nous, \u00e9ducateur.ices, sommes g\u00e9n\u00e9ralement en \u00abun pour un\u00bb, ce qui signifie que nous sommes r\u00e9f\u00e9rent.es d\u2019un enfant en particulier, au sein d\u2019un groupe de six enfants et six adultes. Nous passons la majorit\u00e9 de nos journ\u00e9es en ext\u00e9rieur et marchons beaucoup.<br>Fernand Deligny, une des r\u00e9f\u00e9rences majeures de l\u2019\u00e9ducation sp\u00e9cialis\u00e9e, \u00e0 l\u2019origine de la cr\u00e9ation de lieux alternatifs et de cartographies sensibles sur les d\u00e9placements de ces gamins-l\u00e0 \u00e9crit : \u00ab&nbsp;Nous vivons dans le temps, ils vivent dans l\u2019espace&nbsp;\u00bb.<br>Pour assurer une s\u00e9curit\u00e9 psychologique aux jeunes, il a fallu penser en terme \u00ab&nbsp;d\u2019espace contenant&nbsp;\u00bb, espace offrant un cadre rassurant \u00e0 l\u2019int\u00e9rieur duquel la lib\u00e9ration \u00e9tait possible.<br>Aupr\u00e8s de ces enfants sans parole, c\u2019est le langage du corps qui primait. D., un jeune dont j\u2019ai \u00e9t\u00e9 r\u00e9f\u00e9rente lors d\u2019un premier s\u00e9jour, avait appris \u00e0 utiliser l&rsquo; appareil compact num\u00e9rique que je lui avait confi\u00e9. Il a fait beaucoup d\u2019images, le regard souvent tourn\u00e9 vers le ciel, photographiant le passage des nuages, le soleil \u00e0 travers des branches d\u2019arbre, un ballon entra\u00een\u00e9 par le vent \u2026 Lui m\u2019a invit\u00e9 \u00e0 regarder ce qu\u2019alors je ne voyais pas.<br>Cette s\u00e9rie d\u2019images lui est d\u00e9di\u00e9. C\u2019est une suite de moments de gr\u00e2ce ponctuant les s\u00e9jours, emprunts de fatigue, de violence souvent, de folie douce et collective.<\/p>\n\n\n\n<p class=\"has-small-font-size\"><\/p>\n\n\n\n<p class=\"has-small-font-size\"><\/p>\n\n\n\n<p style=\"font-size:11px\"><\/p>\n","protected":false},"excerpt":{"rendered":"<p>\u00a0 \u00a0 L\u2019association J\u2019interviendrais est engag\u00e9e depuis cinquante ans aupr\u00e8s d\u2019 enfants autistes et psychotiques, et de leur famille. Elle lutte pour la d\u00e9-psychiatrisation de&#8230;<\/p>\n<div class=\"more-link-wrapper\"><a class=\"more-link\" href=\"http:\/\/maudveith.com\/?page_id=516\">Continue Reading<span class=\"screen-reader-text\">Ces gamins-l\u00e0<\/span><\/a><\/div>\n","protected":false},"author":1,"featured_media":0,"parent":0,"menu_order":0,"comment_status":"closed","ping_status":"closed","template":"","meta":{"footnotes":""},"class_list":["post-516","page","type-page","status-publish","hentry","entry"],"_links":{"self":[{"href":"http:\/\/maudveith.com\/index.php?rest_route=\/wp\/v2\/pages\/516","targetHints":{"allow":["GET"]}}],"collection":[{"href":"http:\/\/maudveith.com\/index.php?rest_route=\/wp\/v2\/pages"}],"about":[{"href":"http:\/\/maudveith.com\/index.php?rest_route=\/wp\/v2\/types\/page"}],"author":[{"embeddable":true,"href":"http:\/\/maudveith.com\/index.php?rest_route=\/wp\/v2\/users\/1"}],"replies":[{"embeddable":true,"href":"http:\/\/maudveith.com\/index.php?rest_route=%2Fwp%2Fv2%2Fcomments&post=516"}],"version-history":[{"count":44,"href":"http:\/\/maudveith.com\/index.php?rest_route=\/wp\/v2\/pages\/516\/revisions"}],"predecessor-version":[{"id":2937,"href":"http:\/\/maudveith.com\/index.php?rest_route=\/wp\/v2\/pages\/516\/revisions\/2937"}],"wp:attachment":[{"href":"http:\/\/maudveith.com\/index.php?rest_route=%2Fwp%2Fv2%2Fmedia&parent=516"}],"curies":[{"name":"wp","href":"https:\/\/api.w.org\/{rel}","templated":true}]}}