{"id":3030,"date":"2025-10-23T16:47:05","date_gmt":"2025-10-23T14:47:05","guid":{"rendered":"http:\/\/maudveith.com\/?page_id=3030"},"modified":"2025-10-23T16:47:38","modified_gmt":"2025-10-23T14:47:38","slug":"campagne-hf-2019","status":"publish","type":"page","link":"http:\/\/maudveith.com\/?page_id=3030","title":{"rendered":"Campagne HF 2019"},"content":{"rendered":"\n<p class=\"has-small-font-size\">Dans le cadre de la Saison \u00c9galit\u00e9 Musiques Actuelles, <strong>HF \u00cele-de-France<\/strong> a lanc\u00e9 une campagne de sensibilisation pointant la faible repr\u00e9sentation des femmes dans le secteur des musiques actuelles, nomm\u00e9e&nbsp;<strong><em>#TuJouesBienPourUneFille<\/em><\/strong>.&nbsp;HF a fais appel \u00e0 trois photographes de notre collectif <strong>Femmes PHOTOgraphes<\/strong> pour r\u00e9aliser les portraits.<\/p>\n\n\n\n<figure class=\"wp-block-image size-large is-resized\"><img loading=\"lazy\" decoding=\"async\" width=\"725\" height=\"1024\" src=\"http:\/\/maudveith.com\/wp-content\/uploads\/2023\/09\/Saison-Egalite-Musique3-725x1024.jpg\" alt=\"\" class=\"wp-image-2708\" style=\"width:599px;height:auto\" srcset=\"http:\/\/maudveith.com\/wp-content\/uploads\/2023\/09\/Saison-Egalite-Musique3-725x1024.jpg 725w, http:\/\/maudveith.com\/wp-content\/uploads\/2023\/09\/Saison-Egalite-Musique3-212x300.jpg 212w, http:\/\/maudveith.com\/wp-content\/uploads\/2023\/09\/Saison-Egalite-Musique3-768x1085.jpg 768w, http:\/\/maudveith.com\/wp-content\/uploads\/2023\/09\/Saison-Egalite-Musique3-1087x1536.jpg 1087w, http:\/\/maudveith.com\/wp-content\/uploads\/2023\/09\/Saison-Egalite-Musique3.jpg 1123w\" sizes=\"auto, (max-width: 725px) 100vw, 725px\" \/><\/figure>\n\n\n\n<figure class=\"wp-block-image size-full is-resized\"><img loading=\"lazy\" decoding=\"async\" width=\"580\" height=\"867\" src=\"http:\/\/maudveith.com\/wp-content\/uploads\/2023\/09\/tu-joues-bien-pour-une-fille.jpg\" alt=\"\" class=\"wp-image-2710\" style=\"width:599px;height:auto\" srcset=\"http:\/\/maudveith.com\/wp-content\/uploads\/2023\/09\/tu-joues-bien-pour-une-fille.jpg 580w, http:\/\/maudveith.com\/wp-content\/uploads\/2023\/09\/tu-joues-bien-pour-une-fille-201x300.jpg 201w\" sizes=\"auto, (max-width: 580px) 100vw, 580px\" \/><\/figure>\n\n\n\n<figure class=\"wp-block-image size-large is-resized\"><img loading=\"lazy\" decoding=\"async\" width=\"725\" height=\"1024\" src=\"http:\/\/maudveith.com\/wp-content\/uploads\/2025\/10\/Saison-Egalite-Musique5-725x1024.jpg\" alt=\"\" class=\"wp-image-3032\" style=\"width:599px;height:auto\" srcset=\"http:\/\/maudveith.com\/wp-content\/uploads\/2025\/10\/Saison-Egalite-Musique5-725x1024.jpg 725w, http:\/\/maudveith.com\/wp-content\/uploads\/2025\/10\/Saison-Egalite-Musique5-212x300.jpg 212w, http:\/\/maudveith.com\/wp-content\/uploads\/2025\/10\/Saison-Egalite-Musique5-768x1085.jpg 768w, http:\/\/maudveith.com\/wp-content\/uploads\/2025\/10\/Saison-Egalite-Musique5-1087x1536.jpg 1087w, http:\/\/maudveith.com\/wp-content\/uploads\/2025\/10\/Saison-Egalite-Musique5.jpg 1123w\" sizes=\"auto, (max-width: 725px) 100vw, 725px\" \/><\/figure>\n\n\n\n<figure class=\"wp-block-image size-large is-resized\"><img loading=\"lazy\" decoding=\"async\" width=\"725\" height=\"1024\" src=\"http:\/\/maudveith.com\/wp-content\/uploads\/2023\/09\/Saison-Egalite-Musique9-725x1024.jpg\" alt=\"\" class=\"wp-image-2709\" style=\"width:598px;height:auto\" srcset=\"http:\/\/maudveith.com\/wp-content\/uploads\/2023\/09\/Saison-Egalite-Musique9-725x1024.jpg 725w, http:\/\/maudveith.com\/wp-content\/uploads\/2023\/09\/Saison-Egalite-Musique9-212x300.jpg 212w, http:\/\/maudveith.com\/wp-content\/uploads\/2023\/09\/Saison-Egalite-Musique9-768x1085.jpg 768w, http:\/\/maudveith.com\/wp-content\/uploads\/2023\/09\/Saison-Egalite-Musique9-1087x1536.jpg 1087w, http:\/\/maudveith.com\/wp-content\/uploads\/2023\/09\/Saison-Egalite-Musique9.jpg 1123w\" sizes=\"auto, (max-width: 725px) 100vw, 725px\" \/><\/figure>\n\n\n\n<figure class=\"wp-block-image size-large is-resized\"><img loading=\"lazy\" decoding=\"async\" width=\"725\" height=\"1024\" src=\"http:\/\/maudveith.com\/wp-content\/uploads\/2025\/10\/Saison-Egalite-Musique2-725x1024.jpg\" alt=\"\" class=\"wp-image-3031\" style=\"width:598px;height:auto\" srcset=\"http:\/\/maudveith.com\/wp-content\/uploads\/2025\/10\/Saison-Egalite-Musique2-725x1024.jpg 725w, http:\/\/maudveith.com\/wp-content\/uploads\/2025\/10\/Saison-Egalite-Musique2-212x300.jpg 212w, http:\/\/maudveith.com\/wp-content\/uploads\/2025\/10\/Saison-Egalite-Musique2-768x1085.jpg 768w, http:\/\/maudveith.com\/wp-content\/uploads\/2025\/10\/Saison-Egalite-Musique2-1087x1536.jpg 1087w, http:\/\/maudveith.com\/wp-content\/uploads\/2025\/10\/Saison-Egalite-Musique2.jpg 1123w\" sizes=\"auto, (max-width: 725px) 100vw, 725px\" \/><\/figure>\n","protected":false},"excerpt":{"rendered":"<p>Dans le cadre de la Saison \u00c9galit\u00e9 Musiques Actuelles, HF \u00cele-de-France a lanc\u00e9 une campagne de sensibilisation pointant la faible repr\u00e9sentation des femmes dans le&#8230;<\/p>\n<div class=\"more-link-wrapper\"><a class=\"more-link\" href=\"http:\/\/maudveith.com\/?page_id=3030\">Continue Reading<span class=\"screen-reader-text\">Campagne HF 2019<\/span><\/a><\/div>\n","protected":false},"author":1,"featured_media":0,"parent":0,"menu_order":0,"comment_status":"closed","ping_status":"closed","template":"","meta":{"footnotes":""},"class_list":["post-3030","page","type-page","status-publish","hentry","entry"],"_links":{"self":[{"href":"http:\/\/maudveith.com\/index.php?rest_route=\/wp\/v2\/pages\/3030","targetHints":{"allow":["GET"]}}],"collection":[{"href":"http:\/\/maudveith.com\/index.php?rest_route=\/wp\/v2\/pages"}],"about":[{"href":"http:\/\/maudveith.com\/index.php?rest_route=\/wp\/v2\/types\/page"}],"author":[{"embeddable":true,"href":"http:\/\/maudveith.com\/index.php?rest_route=\/wp\/v2\/users\/1"}],"replies":[{"embeddable":true,"href":"http:\/\/maudveith.com\/index.php?rest_route=%2Fwp%2Fv2%2Fcomments&post=3030"}],"version-history":[{"count":2,"href":"http:\/\/maudveith.com\/index.php?rest_route=\/wp\/v2\/pages\/3030\/revisions"}],"predecessor-version":[{"id":3035,"href":"http:\/\/maudveith.com\/index.php?rest_route=\/wp\/v2\/pages\/3030\/revisions\/3035"}],"wp:attachment":[{"href":"http:\/\/maudveith.com\/index.php?rest_route=%2Fwp%2Fv2%2Fmedia&parent=3030"}],"curies":[{"name":"wp","href":"https:\/\/api.w.org\/{rel}","templated":true}]}}