{"id":2512,"date":"2022-05-17T11:10:57","date_gmt":"2022-05-17T09:10:57","guid":{"rendered":"http:\/\/maudveith.com\/?page_id=2512"},"modified":"2025-10-23T17:02:13","modified_gmt":"2025-10-23T15:02:13","slug":"ratp-ligne-12","status":"publish","type":"page","link":"http:\/\/maudveith.com\/?page_id=2512","title":{"rendered":"Campagne RATP \/ Ligne 12, 2022"},"content":{"rendered":"\n<p class=\"has-small-font-size\">Commande du groupe de communication <a href=\"https:\/\/hopscotchgroupe.com\/\">Hopscotch<\/a> pour la prolongation de la ligne 12 jusqu&rsquo;\u00e0 la mairie d&rsquo;Aubervilliers. Commande de 5 portraits d&rsquo;habitant.es imprim\u00e9.es en tr\u00e8s grand format sur plusieurs mois.<\/p>\n\n\n\n<figure class=\"wp-block-image size-large is-resized\"><img loading=\"lazy\" decoding=\"async\" width=\"1024\" height=\"683\" src=\"http:\/\/maudveith.com\/wp-content\/uploads\/2025\/10\/UCE_SaintLL134-1024x683.jpg\" alt=\"\" class=\"wp-image-2949\" style=\"width:634px;height:auto\" srcset=\"http:\/\/maudveith.com\/wp-content\/uploads\/2025\/10\/UCE_SaintLL134-1024x683.jpg 1024w, http:\/\/maudveith.com\/wp-content\/uploads\/2025\/10\/UCE_SaintLL134-300x200.jpg 300w, http:\/\/maudveith.com\/wp-content\/uploads\/2025\/10\/UCE_SaintLL134-768x512.jpg 768w, http:\/\/maudveith.com\/wp-content\/uploads\/2025\/10\/UCE_SaintLL134-1536x1024.jpg 1536w, http:\/\/maudveith.com\/wp-content\/uploads\/2025\/10\/UCE_SaintLL134.jpg 1890w\" sizes=\"auto, (max-width: 1024px) 100vw, 1024px\" \/><\/figure>\n\n\n\n<p><\/p>\n\n\n\n<figure class=\"wp-block-image size-large\"><img loading=\"lazy\" decoding=\"async\" width=\"634\" height=\"1024\" src=\"http:\/\/maudveith.com\/wp-content\/uploads\/2022\/05\/62x100-V1-1-634x1024.jpg\" alt=\"\" class=\"wp-image-2513\" srcset=\"http:\/\/maudveith.com\/wp-content\/uploads\/2022\/05\/62x100-V1-1-634x1024.jpg 634w, http:\/\/maudveith.com\/wp-content\/uploads\/2022\/05\/62x100-V1-1-186x300.jpg 186w, http:\/\/maudveith.com\/wp-content\/uploads\/2022\/05\/62x100-V1-1-768x1240.jpg 768w, http:\/\/maudveith.com\/wp-content\/uploads\/2022\/05\/62x100-V1-1.jpg 850w\" sizes=\"auto, (max-width: 634px) 100vw, 634px\" \/><\/figure>\n\n\n\n<figure class=\"wp-block-image size-large\"><img loading=\"lazy\" decoding=\"async\" width=\"634\" height=\"1024\" src=\"http:\/\/maudveith.com\/wp-content\/uploads\/2022\/05\/62x100-V1-3-634x1024.jpg\" alt=\"\" class=\"wp-image-2515\" srcset=\"http:\/\/maudveith.com\/wp-content\/uploads\/2022\/05\/62x100-V1-3-634x1024.jpg 634w, http:\/\/maudveith.com\/wp-content\/uploads\/2022\/05\/62x100-V1-3-186x300.jpg 186w, http:\/\/maudveith.com\/wp-content\/uploads\/2022\/05\/62x100-V1-3-768x1240.jpg 768w, http:\/\/maudveith.com\/wp-content\/uploads\/2022\/05\/62x100-V1-3.jpg 850w\" sizes=\"auto, (max-width: 634px) 100vw, 634px\" \/><\/figure>\n\n\n\n<figure class=\"wp-block-image size-large\"><img loading=\"lazy\" decoding=\"async\" width=\"634\" height=\"1024\" src=\"http:\/\/maudveith.com\/wp-content\/uploads\/2022\/05\/62x100-V1-2-634x1024.jpg\" alt=\"\" class=\"wp-image-2514\" srcset=\"http:\/\/maudveith.com\/wp-content\/uploads\/2022\/05\/62x100-V1-2-634x1024.jpg 634w, http:\/\/maudveith.com\/wp-content\/uploads\/2022\/05\/62x100-V1-2-186x300.jpg 186w, http:\/\/maudveith.com\/wp-content\/uploads\/2022\/05\/62x100-V1-2-768x1240.jpg 768w, http:\/\/maudveith.com\/wp-content\/uploads\/2022\/05\/62x100-V1-2.jpg 850w\" sizes=\"auto, (max-width: 634px) 100vw, 634px\" \/><\/figure>\n\n\n\n<figure class=\"wp-block-image size-large\"><img loading=\"lazy\" decoding=\"async\" width=\"634\" height=\"1024\" src=\"http:\/\/maudveith.com\/wp-content\/uploads\/2022\/05\/62x100-V1-4-634x1024.jpg\" alt=\"\" class=\"wp-image-2516\" srcset=\"http:\/\/maudveith.com\/wp-content\/uploads\/2022\/05\/62x100-V1-4-634x1024.jpg 634w, http:\/\/maudveith.com\/wp-content\/uploads\/2022\/05\/62x100-V1-4-186x300.jpg 186w, http:\/\/maudveith.com\/wp-content\/uploads\/2022\/05\/62x100-V1-4-768x1240.jpg 768w, http:\/\/maudveith.com\/wp-content\/uploads\/2022\/05\/62x100-V1-4.jpg 850w\" sizes=\"auto, (max-width: 634px) 100vw, 634px\" \/><\/figure>\n\n\n\n<figure class=\"wp-block-image size-large\"><img loading=\"lazy\" decoding=\"async\" width=\"634\" height=\"1024\" src=\"http:\/\/maudveith.com\/wp-content\/uploads\/2022\/05\/62x100-V1-5-634x1024.jpg\" alt=\"\" class=\"wp-image-2517\" srcset=\"http:\/\/maudveith.com\/wp-content\/uploads\/2022\/05\/62x100-V1-5-634x1024.jpg 634w, http:\/\/maudveith.com\/wp-content\/uploads\/2022\/05\/62x100-V1-5-186x300.jpg 186w, http:\/\/maudveith.com\/wp-content\/uploads\/2022\/05\/62x100-V1-5-768x1240.jpg 768w, http:\/\/maudveith.com\/wp-content\/uploads\/2022\/05\/62x100-V1-5.jpg 850w\" sizes=\"auto, (max-width: 634px) 100vw, 634px\" \/><\/figure>\n\n\n\n<figure class=\"wp-block-image size-large is-resized\"><img loading=\"lazy\" decoding=\"async\" width=\"1024\" height=\"683\" src=\"http:\/\/maudveith.com\/wp-content\/uploads\/2025\/10\/UCE_MontPL13-1024x683.jpg\" alt=\"\" class=\"wp-image-2953\" style=\"width:635px;height:auto\" srcset=\"http:\/\/maudveith.com\/wp-content\/uploads\/2025\/10\/UCE_MontPL13-1024x683.jpg 1024w, http:\/\/maudveith.com\/wp-content\/uploads\/2025\/10\/UCE_MontPL13-300x200.jpg 300w, http:\/\/maudveith.com\/wp-content\/uploads\/2025\/10\/UCE_MontPL13-768x512.jpg 768w, http:\/\/maudveith.com\/wp-content\/uploads\/2025\/10\/UCE_MontPL13-1536x1024.jpg 1536w, http:\/\/maudveith.com\/wp-content\/uploads\/2025\/10\/UCE_MontPL13.jpg 1890w\" sizes=\"auto, (max-width: 1024px) 100vw, 1024px\" \/><\/figure>\n\n\n\n<p><\/p>\n\n\n\n<figure class=\"wp-block-image size-large is-resized\"><img loading=\"lazy\" decoding=\"async\" width=\"1024\" height=\"683\" src=\"http:\/\/maudveith.com\/wp-content\/uploads\/2025\/10\/UCE_MadeleineL141-1024x683.jpg\" alt=\"\" class=\"wp-image-2951\" style=\"width:634px;height:auto\" srcset=\"http:\/\/maudveith.com\/wp-content\/uploads\/2025\/10\/UCE_MadeleineL141-1024x683.jpg 1024w, http:\/\/maudveith.com\/wp-content\/uploads\/2025\/10\/UCE_MadeleineL141-300x200.jpg 300w, http:\/\/maudveith.com\/wp-content\/uploads\/2025\/10\/UCE_MadeleineL141-768x512.jpg 768w, http:\/\/maudveith.com\/wp-content\/uploads\/2025\/10\/UCE_MadeleineL141-1536x1024.jpg 1536w, http:\/\/maudveith.com\/wp-content\/uploads\/2025\/10\/UCE_MadeleineL141.jpg 1890w\" sizes=\"auto, (max-width: 1024px) 100vw, 1024px\" \/><\/figure>\n","protected":false},"excerpt":{"rendered":"<p>Commande du groupe de communication Hopscotch pour la prolongation de la ligne 12 jusqu&rsquo;\u00e0 la mairie d&rsquo;Aubervilliers. Commande de 5 portraits d&rsquo;habitant.es imprim\u00e9.es en tr\u00e8s&#8230;<\/p>\n<div class=\"more-link-wrapper\"><a class=\"more-link\" href=\"http:\/\/maudveith.com\/?page_id=2512\">Continue Reading<span class=\"screen-reader-text\">Campagne RATP \/ Ligne 12, 2022<\/span><\/a><\/div>\n","protected":false},"author":1,"featured_media":0,"parent":0,"menu_order":0,"comment_status":"closed","ping_status":"closed","template":"","meta":{"footnotes":""},"class_list":["post-2512","page","type-page","status-publish","hentry","entry"],"_links":{"self":[{"href":"http:\/\/maudveith.com\/index.php?rest_route=\/wp\/v2\/pages\/2512","targetHints":{"allow":["GET"]}}],"collection":[{"href":"http:\/\/maudveith.com\/index.php?rest_route=\/wp\/v2\/pages"}],"about":[{"href":"http:\/\/maudveith.com\/index.php?rest_route=\/wp\/v2\/types\/page"}],"author":[{"embeddable":true,"href":"http:\/\/maudveith.com\/index.php?rest_route=\/wp\/v2\/users\/1"}],"replies":[{"embeddable":true,"href":"http:\/\/maudveith.com\/index.php?rest_route=%2Fwp%2Fv2%2Fcomments&post=2512"}],"version-history":[{"count":11,"href":"http:\/\/maudveith.com\/index.php?rest_route=\/wp\/v2\/pages\/2512\/revisions"}],"predecessor-version":[{"id":3039,"href":"http:\/\/maudveith.com\/index.php?rest_route=\/wp\/v2\/pages\/2512\/revisions\/3039"}],"wp:attachment":[{"href":"http:\/\/maudveith.com\/index.php?rest_route=%2Fwp%2Fv2%2Fmedia&parent=2512"}],"curies":[{"name":"wp","href":"https:\/\/api.w.org\/{rel}","templated":true}]}}