{"id":2317,"date":"2021-10-04T13:37:02","date_gmt":"2021-10-04T11:37:02","guid":{"rendered":"http:\/\/maudveith.com\/?page_id=2317"},"modified":"2025-10-21T15:22:57","modified_gmt":"2025-10-21T13:22:57","slug":"habiter-la-portraits-de-la-ville-damiens-a-travers-ses-habitants","status":"publish","type":"page","link":"http:\/\/maudveith.com\/?page_id=2317","title":{"rendered":"Amiens : habiter-l\u00e0, 2020\/2021"},"content":{"rendered":"\n<p class=\"has-small-font-size\">Carte blanche pass\u00e9e par la Maison de la Culture d&rsquo;Amiens pour les 55 ans de la maison de 55 portraits d&rsquo;habitant.es publi\u00e9s dans le catalogue de saison culturel.<\/p>\n\n\n\n<figure class=\"wp-block-image size-full\"><img loading=\"lazy\" decoding=\"async\" width=\"945\" height=\"655\" src=\"http:\/\/maudveith.com\/wp-content\/uploads\/2024\/03\/couv.jpg\" alt=\"\" class=\"wp-image-2762\" srcset=\"http:\/\/maudveith.com\/wp-content\/uploads\/2024\/03\/couv.jpg 945w, http:\/\/maudveith.com\/wp-content\/uploads\/2024\/03\/couv-300x208.jpg 300w, http:\/\/maudveith.com\/wp-content\/uploads\/2024\/03\/couv-768x532.jpg 768w\" sizes=\"auto, (max-width: 945px) 100vw, 945px\" \/><\/figure>\n\n\n\n<figure class=\"wp-block-gallery aligncenter has-nested-images columns-1 is-cropped wp-block-gallery-1 is-layout-flex wp-block-gallery-is-layout-flex\">\n<figure class=\"wp-block-image size-full\"><img loading=\"lazy\" decoding=\"async\" width=\"945\" height=\"670\" data-id=\"2326\" src=\"http:\/\/maudveith.com\/wp-content\/uploads\/2021\/10\/Page1.jpg\" alt=\"\" class=\"wp-image-2326\" srcset=\"http:\/\/maudveith.com\/wp-content\/uploads\/2021\/10\/Page1.jpg 945w, http:\/\/maudveith.com\/wp-content\/uploads\/2021\/10\/Page1-300x213.jpg 300w, http:\/\/maudveith.com\/wp-content\/uploads\/2021\/10\/Page1-768x545.jpg 768w\" sizes=\"auto, (max-width: 945px) 100vw, 945px\" \/><\/figure>\n\n\n\n<figure class=\"wp-block-image size-full\"><img loading=\"lazy\" decoding=\"async\" width=\"945\" height=\"670\" data-id=\"2327\" src=\"http:\/\/maudveith.com\/wp-content\/uploads\/2021\/10\/Page2.jpg\" alt=\"\" class=\"wp-image-2327\" srcset=\"http:\/\/maudveith.com\/wp-content\/uploads\/2021\/10\/Page2.jpg 945w, http:\/\/maudveith.com\/wp-content\/uploads\/2021\/10\/Page2-300x213.jpg 300w, http:\/\/maudveith.com\/wp-content\/uploads\/2021\/10\/Page2-768x545.jpg 768w\" sizes=\"auto, (max-width: 945px) 100vw, 945px\" \/><\/figure>\n\n\n\n<figure class=\"wp-block-image size-full\"><img loading=\"lazy\" decoding=\"async\" width=\"945\" height=\"670\" data-id=\"2328\" src=\"http:\/\/maudveith.com\/wp-content\/uploads\/2021\/10\/Page3.jpg\" alt=\"\" class=\"wp-image-2328\" srcset=\"http:\/\/maudveith.com\/wp-content\/uploads\/2021\/10\/Page3.jpg 945w, http:\/\/maudveith.com\/wp-content\/uploads\/2021\/10\/Page3-300x213.jpg 300w, http:\/\/maudveith.com\/wp-content\/uploads\/2021\/10\/Page3-768x545.jpg 768w\" sizes=\"auto, (max-width: 945px) 100vw, 945px\" \/><\/figure>\n\n\n\n<figure class=\"wp-block-image size-full\"><img loading=\"lazy\" decoding=\"async\" width=\"945\" height=\"670\" data-id=\"2329\" src=\"http:\/\/maudveith.com\/wp-content\/uploads\/2021\/10\/page4.jpg\" alt=\"\" class=\"wp-image-2329\" srcset=\"http:\/\/maudveith.com\/wp-content\/uploads\/2021\/10\/page4.jpg 945w, http:\/\/maudveith.com\/wp-content\/uploads\/2021\/10\/page4-300x213.jpg 300w, http:\/\/maudveith.com\/wp-content\/uploads\/2021\/10\/page4-768x545.jpg 768w\" sizes=\"auto, (max-width: 945px) 100vw, 945px\" \/><\/figure>\n\n\n\n<figure class=\"wp-block-image size-full\"><img loading=\"lazy\" decoding=\"async\" width=\"945\" height=\"670\" data-id=\"2331\" src=\"http:\/\/maudveith.com\/wp-content\/uploads\/2021\/10\/page6.jpg\" alt=\"\" class=\"wp-image-2331\" srcset=\"http:\/\/maudveith.com\/wp-content\/uploads\/2021\/10\/page6.jpg 945w, http:\/\/maudveith.com\/wp-content\/uploads\/2021\/10\/page6-300x213.jpg 300w, http:\/\/maudveith.com\/wp-content\/uploads\/2021\/10\/page6-768x545.jpg 768w\" sizes=\"auto, (max-width: 945px) 100vw, 945px\" \/><\/figure>\n\n\n\n<figure class=\"wp-block-image size-full\"><img loading=\"lazy\" decoding=\"async\" width=\"945\" height=\"670\" data-id=\"2330\" src=\"http:\/\/maudveith.com\/wp-content\/uploads\/2021\/10\/page5.jpg\" alt=\"\" class=\"wp-image-2330\" srcset=\"http:\/\/maudveith.com\/wp-content\/uploads\/2021\/10\/page5.jpg 945w, http:\/\/maudveith.com\/wp-content\/uploads\/2021\/10\/page5-300x213.jpg 300w, http:\/\/maudveith.com\/wp-content\/uploads\/2021\/10\/page5-768x545.jpg 768w\" sizes=\"auto, (max-width: 945px) 100vw, 945px\" \/><\/figure>\n\n\n\n<figure class=\"wp-block-image size-full\"><img loading=\"lazy\" decoding=\"async\" width=\"945\" height=\"670\" data-id=\"2332\" src=\"http:\/\/maudveith.com\/wp-content\/uploads\/2021\/10\/page7.jpg\" alt=\"\" class=\"wp-image-2332\" srcset=\"http:\/\/maudveith.com\/wp-content\/uploads\/2021\/10\/page7.jpg 945w, http:\/\/maudveith.com\/wp-content\/uploads\/2021\/10\/page7-300x213.jpg 300w, http:\/\/maudveith.com\/wp-content\/uploads\/2021\/10\/page7-768x545.jpg 768w\" sizes=\"auto, (max-width: 945px) 100vw, 945px\" \/><\/figure>\n\n\n\n<figure class=\"wp-block-image size-full\"><img loading=\"lazy\" decoding=\"async\" width=\"945\" height=\"670\" data-id=\"2333\" src=\"http:\/\/maudveith.com\/wp-content\/uploads\/2021\/10\/page8.jpg\" alt=\"\" class=\"wp-image-2333\" srcset=\"http:\/\/maudveith.com\/wp-content\/uploads\/2021\/10\/page8.jpg 945w, http:\/\/maudveith.com\/wp-content\/uploads\/2021\/10\/page8-300x213.jpg 300w, http:\/\/maudveith.com\/wp-content\/uploads\/2021\/10\/page8-768x545.jpg 768w\" sizes=\"auto, (max-width: 945px) 100vw, 945px\" \/><\/figure>\n\n\n\n<figure class=\"wp-block-image size-full\"><img loading=\"lazy\" decoding=\"async\" width=\"945\" height=\"670\" data-id=\"2334\" src=\"http:\/\/maudveith.com\/wp-content\/uploads\/2021\/10\/page9.jpg\" alt=\"\" class=\"wp-image-2334\" srcset=\"http:\/\/maudveith.com\/wp-content\/uploads\/2021\/10\/page9.jpg 945w, http:\/\/maudveith.com\/wp-content\/uploads\/2021\/10\/page9-300x213.jpg 300w, http:\/\/maudveith.com\/wp-content\/uploads\/2021\/10\/page9-768x545.jpg 768w\" sizes=\"auto, (max-width: 945px) 100vw, 945px\" \/><\/figure>\n\n\n\n<figure class=\"wp-block-image size-full\"><img loading=\"lazy\" decoding=\"async\" width=\"945\" height=\"670\" data-id=\"2335\" src=\"http:\/\/maudveith.com\/wp-content\/uploads\/2021\/10\/page10.jpg\" alt=\"\" class=\"wp-image-2335\" srcset=\"http:\/\/maudveith.com\/wp-content\/uploads\/2021\/10\/page10.jpg 945w, http:\/\/maudveith.com\/wp-content\/uploads\/2021\/10\/page10-300x213.jpg 300w, http:\/\/maudveith.com\/wp-content\/uploads\/2021\/10\/page10-768x545.jpg 768w\" sizes=\"auto, (max-width: 945px) 100vw, 945px\" \/><\/figure>\n\n\n\n<figure class=\"wp-block-image size-full\"><img loading=\"lazy\" decoding=\"async\" width=\"945\" height=\"670\" data-id=\"2336\" src=\"http:\/\/maudveith.com\/wp-content\/uploads\/2021\/10\/page11.jpg\" alt=\"\" class=\"wp-image-2336\" srcset=\"http:\/\/maudveith.com\/wp-content\/uploads\/2021\/10\/page11.jpg 945w, http:\/\/maudveith.com\/wp-content\/uploads\/2021\/10\/page11-300x213.jpg 300w, http:\/\/maudveith.com\/wp-content\/uploads\/2021\/10\/page11-768x545.jpg 768w\" sizes=\"auto, (max-width: 945px) 100vw, 945px\" \/><\/figure>\n<\/figure>\n\n\n\n<p style=\"font-size:11px\"><strong>COMMANDE<\/strong> <\/p>\n\n\n\n<p class=\"has-small-font-size\">Des portraits de rue des habitant\u00b7es de la ville pour les 55 ans de la maison de la culture d&rsquo;Amiens <\/p>\n\n\n\n<p style=\"font-size:11px\"><strong>CONTEXTE<\/strong><\/p>\n\n\n\n<p class=\"has-small-font-size\"> Une crise sanitaire, une maison de la culture ferm\u00e9e, des rues d\u00e9sertes, des visages masqu\u00e9s, une culture suspendue <\/p>\n\n\n\n<p style=\"font-size:11px\"><strong>DEMARCHE<\/strong> <\/p>\n\n\n\n<p class=\"has-small-font-size\">Une carte d&rsquo;Amiens, une immersion, des films argentiques, un labo photo in situ, deux ou trois contacts <\/p>\n\n\n\n<p style=\"font-size:11px\"><strong>METHODE<\/strong> <\/p>\n\n\n\n<p class=\"has-small-font-size\">Une exploration du lien social, un cheminement au gr\u00e9 des rencontres, un temps d&rsquo;\u00e9change, un lieu de prise de vue choisi par le\u00b7a mod\u00e8l\u00b7e <\/p>\n\n\n\n<p style=\"font-size:11px\"><strong>DENOUEMENT<\/strong> <\/p>\n\n\n\n<p class=\"has-small-font-size\">R\u00e9v\u00e9ler le visage d&rsquo;une ville par la somme de ses individu\u00b7es<\/p>\n","protected":false},"excerpt":{"rendered":"<p>Carte blanche pass\u00e9e par la Maison de la Culture d&rsquo;Amiens pour les 55 ans de la maison de 55 portraits d&rsquo;habitant.es publi\u00e9s dans le catalogue&#8230;<\/p>\n<div class=\"more-link-wrapper\"><a class=\"more-link\" href=\"http:\/\/maudveith.com\/?page_id=2317\">Continue Reading<span class=\"screen-reader-text\">Amiens : habiter-l\u00e0, 2020\/2021<\/span><\/a><\/div>\n","protected":false},"author":1,"featured_media":0,"parent":0,"menu_order":0,"comment_status":"closed","ping_status":"closed","template":"","meta":{"footnotes":""},"class_list":["post-2317","page","type-page","status-publish","hentry","entry"],"_links":{"self":[{"href":"http:\/\/maudveith.com\/index.php?rest_route=\/wp\/v2\/pages\/2317","targetHints":{"allow":["GET"]}}],"collection":[{"href":"http:\/\/maudveith.com\/index.php?rest_route=\/wp\/v2\/pages"}],"about":[{"href":"http:\/\/maudveith.com\/index.php?rest_route=\/wp\/v2\/types\/page"}],"author":[{"embeddable":true,"href":"http:\/\/maudveith.com\/index.php?rest_route=\/wp\/v2\/users\/1"}],"replies":[{"embeddable":true,"href":"http:\/\/maudveith.com\/index.php?rest_route=%2Fwp%2Fv2%2Fcomments&post=2317"}],"version-history":[{"count":15,"href":"http:\/\/maudveith.com\/index.php?rest_route=\/wp\/v2\/pages\/2317\/revisions"}],"predecessor-version":[{"id":3007,"href":"http:\/\/maudveith.com\/index.php?rest_route=\/wp\/v2\/pages\/2317\/revisions\/3007"}],"wp:attachment":[{"href":"http:\/\/maudveith.com\/index.php?rest_route=%2Fwp%2Fv2%2Fmedia&parent=2317"}],"curies":[{"name":"wp","href":"https:\/\/api.w.org\/{rel}","templated":true}]}}