{"id":1714,"date":"2020-05-01T14:36:10","date_gmt":"2020-05-01T12:36:10","guid":{"rendered":"http:\/\/maudveith.com\/?page_id=1714"},"modified":"2025-01-17T12:27:10","modified_gmt":"2025-01-17T11:27:10","slug":"amours","status":"publish","type":"page","link":"http:\/\/maudveith.com\/?page_id=1714","title":{"rendered":"Amours"},"content":{"rendered":"<div id='gallery-1' class='gallery galleryid-1714 gallery-columns-1 gallery-size-large'><figure class='gallery-item'>\n\t\t\t<div class='gallery-icon landscape'>\n\t\t\t\t<a href='http:\/\/maudveith.com\/?attachment_id=1900'><img loading=\"lazy\" decoding=\"async\" width=\"1024\" height=\"681\" src=\"http:\/\/maudveith.com\/wp-content\/uploads\/2020\/07\/img014-1024x681.jpg\" class=\"attachment-large size-large\" alt=\"\" srcset=\"http:\/\/maudveith.com\/wp-content\/uploads\/2020\/07\/img014-1024x681.jpg 1024w, http:\/\/maudveith.com\/wp-content\/uploads\/2020\/07\/img014-300x199.jpg 300w, http:\/\/maudveith.com\/wp-content\/uploads\/2020\/07\/img014-768x511.jpg 768w, http:\/\/maudveith.com\/wp-content\/uploads\/2020\/07\/img014.jpg 1417w\" sizes=\"auto, (max-width: 1024px) 100vw, 1024px\" \/><\/a>\n\t\t\t<\/div><\/figure><figure class='gallery-item'>\n\t\t\t<div class='gallery-icon landscape'>\n\t\t\t\t<a href='http:\/\/maudveith.com\/?attachment_id=1898'><img loading=\"lazy\" decoding=\"async\" width=\"1024\" height=\"681\" src=\"http:\/\/maudveith.com\/wp-content\/uploads\/2020\/07\/img004-1024x681.jpg\" class=\"attachment-large size-large\" alt=\"\" srcset=\"http:\/\/maudveith.com\/wp-content\/uploads\/2020\/07\/img004-1024x681.jpg 1024w, http:\/\/maudveith.com\/wp-content\/uploads\/2020\/07\/img004-300x199.jpg 300w, http:\/\/maudveith.com\/wp-content\/uploads\/2020\/07\/img004-768x510.jpg 768w, http:\/\/maudveith.com\/wp-content\/uploads\/2020\/07\/img004-1536x1021.jpg 1536w, http:\/\/maudveith.com\/wp-content\/uploads\/2020\/07\/img004.jpg 1706w\" sizes=\"auto, (max-width: 1024px) 100vw, 1024px\" \/><\/a>\n\t\t\t<\/div><\/figure><figure class='gallery-item'>\n\t\t\t<div class='gallery-icon portrait'>\n\t\t\t\t<a href='http:\/\/maudveith.com\/?attachment_id=1978'><img loading=\"lazy\" decoding=\"async\" width=\"673\" height=\"1024\" src=\"http:\/\/maudveith.com\/wp-content\/uploads\/2020\/09\/img133-673x1024.jpg\" class=\"attachment-large size-large\" alt=\"\" srcset=\"http:\/\/maudveith.com\/wp-content\/uploads\/2020\/09\/img133-673x1024.jpg 673w, http:\/\/maudveith.com\/wp-content\/uploads\/2020\/09\/img133-197x300.jpg 197w, http:\/\/maudveith.com\/wp-content\/uploads\/2020\/09\/img133-768x1169.jpg 768w, http:\/\/maudveith.com\/wp-content\/uploads\/2020\/09\/img133.jpg 782w\" sizes=\"auto, (max-width: 673px) 100vw, 673px\" \/><\/a>\n\t\t\t<\/div><\/figure><figure class='gallery-item'>\n\t\t\t<div class='gallery-icon landscape'>\n\t\t\t\t<a href='http:\/\/maudveith.com\/?attachment_id=2643'><img loading=\"lazy\" decoding=\"async\" width=\"1024\" height=\"678\" src=\"http:\/\/maudveith.com\/wp-content\/uploads\/2022\/10\/img047-1024x678.jpg\" class=\"attachment-large size-large\" alt=\"\" srcset=\"http:\/\/maudveith.com\/wp-content\/uploads\/2022\/10\/img047-1024x678.jpg 1024w, http:\/\/maudveith.com\/wp-content\/uploads\/2022\/10\/img047-300x199.jpg 300w, http:\/\/maudveith.com\/wp-content\/uploads\/2022\/10\/img047-768x508.jpg 768w, http:\/\/maudveith.com\/wp-content\/uploads\/2022\/10\/img047-1536x1017.jpg 1536w, http:\/\/maudveith.com\/wp-content\/uploads\/2022\/10\/img047-2048x1356.jpg 2048w\" sizes=\"auto, (max-width: 1024px) 100vw, 1024px\" \/><\/a>\n\t\t\t<\/div><\/figure><figure class='gallery-item'>\n\t\t\t<div class='gallery-icon portrait'>\n\t\t\t\t<a href='http:\/\/maudveith.com\/?attachment_id=238'><img loading=\"lazy\" decoding=\"async\" width=\"676\" height=\"1024\" src=\"http:\/\/maudveith.com\/wp-content\/uploads\/2017\/02\/img005-676x1024.jpg\" class=\"attachment-large size-large\" alt=\"\" srcset=\"http:\/\/maudveith.com\/wp-content\/uploads\/2017\/02\/img005-676x1024.jpg 676w, http:\/\/maudveith.com\/wp-content\/uploads\/2017\/02\/img005-198x300.jpg 198w, http:\/\/maudveith.com\/wp-content\/uploads\/2017\/02\/img005-768x1163.jpg 768w, http:\/\/maudveith.com\/wp-content\/uploads\/2017\/02\/img005.jpg 936w\" sizes=\"auto, (max-width: 676px) 100vw, 676px\" \/><\/a>\n\t\t\t<\/div><\/figure><figure class='gallery-item'>\n\t\t\t<div class='gallery-icon landscape'>\n\t\t\t\t<a href='http:\/\/maudveith.com\/?attachment_id=1971'><img loading=\"lazy\" decoding=\"async\" width=\"1024\" height=\"682\" src=\"http:\/\/maudveith.com\/wp-content\/uploads\/2020\/09\/img006-1024x682.jpg\" class=\"attachment-large size-large\" alt=\"\" srcset=\"http:\/\/maudveith.com\/wp-content\/uploads\/2020\/09\/img006-1024x682.jpg 1024w, http:\/\/maudveith.com\/wp-content\/uploads\/2020\/09\/img006-300x200.jpg 300w, http:\/\/maudveith.com\/wp-content\/uploads\/2020\/09\/img006-768x512.jpg 768w, http:\/\/maudveith.com\/wp-content\/uploads\/2020\/09\/img006.jpg 1190w\" sizes=\"auto, (max-width: 1024px) 100vw, 1024px\" \/><\/a>\n\t\t\t<\/div><\/figure><figure class='gallery-item'>\n\t\t\t<div class='gallery-icon portrait'>\n\t\t\t\t<a href='http:\/\/maudveith.com\/?attachment_id=1982'><img loading=\"lazy\" decoding=\"async\" width=\"682\" height=\"1024\" src=\"http:\/\/maudveith.com\/wp-content\/uploads\/2020\/09\/img007-682x1024.jpg\" class=\"attachment-large size-large\" alt=\"\" srcset=\"http:\/\/maudveith.com\/wp-content\/uploads\/2020\/09\/img007-682x1024.jpg 682w, http:\/\/maudveith.com\/wp-content\/uploads\/2020\/09\/img007-200x300.jpg 200w, http:\/\/maudveith.com\/wp-content\/uploads\/2020\/09\/img007-768x1153.jpg 768w, http:\/\/maudveith.com\/wp-content\/uploads\/2020\/09\/img007-1023x1536.jpg 1023w, http:\/\/maudveith.com\/wp-content\/uploads\/2020\/09\/img007.jpg 1279w\" sizes=\"auto, (max-width: 682px) 100vw, 682px\" \/><\/a>\n\t\t\t<\/div><\/figure><figure class='gallery-item'>\n\t\t\t<div class='gallery-icon portrait'>\n\t\t\t\t<a href='http:\/\/maudveith.com\/?attachment_id=1975'><img loading=\"lazy\" decoding=\"async\" width=\"678\" height=\"1024\" src=\"http:\/\/maudveith.com\/wp-content\/uploads\/2020\/09\/img017-678x1024.jpg\" class=\"attachment-large size-large\" alt=\"\" srcset=\"http:\/\/maudveith.com\/wp-content\/uploads\/2020\/09\/img017-678x1024.jpg 678w, http:\/\/maudveith.com\/wp-content\/uploads\/2020\/09\/img017-199x300.jpg 199w, http:\/\/maudveith.com\/wp-content\/uploads\/2020\/09\/img017-768x1161.jpg 768w, http:\/\/maudveith.com\/wp-content\/uploads\/2020\/09\/img017.jpg 945w\" sizes=\"auto, (max-width: 678px) 100vw, 678px\" \/><\/a>\n\t\t\t<\/div><\/figure>\n\t\t<\/div>\n\n\n\n<figure class=\"wp-block-image size-large is-style-default\"><img loading=\"lazy\" decoding=\"async\" width=\"1024\" height=\"682\" src=\"http:\/\/maudveith.com\/wp-content\/uploads\/2025\/01\/08-2020-6-1024x682.jpg\" alt=\"\" class=\"wp-image-2817\" srcset=\"http:\/\/maudveith.com\/wp-content\/uploads\/2025\/01\/08-2020-6-1024x682.jpg 1024w, http:\/\/maudveith.com\/wp-content\/uploads\/2025\/01\/08-2020-6-300x200.jpg 300w, http:\/\/maudveith.com\/wp-content\/uploads\/2025\/01\/08-2020-6-768x511.jpg 768w, http:\/\/maudveith.com\/wp-content\/uploads\/2025\/01\/08-2020-6-1536x1023.jpg 1536w, http:\/\/maudveith.com\/wp-content\/uploads\/2025\/01\/08-2020-6-2048x1364.jpg 2048w\" sizes=\"auto, (max-width: 1024px) 100vw, 1024px\" \/><\/figure>\n\n\n\n<p class=\"has-small-font-size\">Depuis 2014, je photographie des couples de ma g\u00e9n\u00e9ration dans leur intimit\u00e9 en film argentique noir et blanc. La s\u00e9rie a commenc\u00e9 par un auto portrait \u00e0 deux, un apr\u00e8s-midi \u00e0 tra\u00eener. Au d\u00e9veloppement de cette premi\u00e8re image, le r\u00e9sultat m&rsquo;a interpell\u00e9 et je me suis attach\u00e9e \u00e0 cette photo. Je me suis dis qu&rsquo;il \u00e9tait doux de photographier l&rsquo;oisivet\u00e9 \u00e0 deux, et j&rsquo;ai commenc\u00e9 \u00e0 organiser des s\u00e9ances de pose avec mon entourage, dans leurs int\u00e9rieurs, et petit \u00e0 petit aupr\u00e8s de couples que je rencontrais. Peu de ceux que j&rsquo;ai photographi\u00e9 sont toujours ensemble, mais tous \u00e0 l&rsquo;\u00e9poque d\u00e9gageaient beaucoup d&rsquo;amour.<\/p>\n","protected":false},"excerpt":{"rendered":"<p>Depuis 2014, je photographie des couples de ma g\u00e9n\u00e9ration dans leur intimit\u00e9 en film argentique noir et blanc. La s\u00e9rie a commenc\u00e9 par un auto&#8230;<\/p>\n<div class=\"more-link-wrapper\"><a class=\"more-link\" href=\"http:\/\/maudveith.com\/?page_id=1714\">Continue Reading<span class=\"screen-reader-text\">Amours<\/span><\/a><\/div>\n","protected":false},"author":1,"featured_media":0,"parent":0,"menu_order":0,"comment_status":"closed","ping_status":"closed","template":"","meta":{"footnotes":""},"class_list":["post-1714","page","type-page","status-publish","hentry","entry"],"_links":{"self":[{"href":"http:\/\/maudveith.com\/index.php?rest_route=\/wp\/v2\/pages\/1714","targetHints":{"allow":["GET"]}}],"collection":[{"href":"http:\/\/maudveith.com\/index.php?rest_route=\/wp\/v2\/pages"}],"about":[{"href":"http:\/\/maudveith.com\/index.php?rest_route=\/wp\/v2\/types\/page"}],"author":[{"embeddable":true,"href":"http:\/\/maudveith.com\/index.php?rest_route=\/wp\/v2\/users\/1"}],"replies":[{"embeddable":true,"href":"http:\/\/maudveith.com\/index.php?rest_route=%2Fwp%2Fv2%2Fcomments&post=1714"}],"version-history":[{"count":26,"href":"http:\/\/maudveith.com\/index.php?rest_route=\/wp\/v2\/pages\/1714\/revisions"}],"predecessor-version":[{"id":2818,"href":"http:\/\/maudveith.com\/index.php?rest_route=\/wp\/v2\/pages\/1714\/revisions\/2818"}],"wp:attachment":[{"href":"http:\/\/maudveith.com\/index.php?rest_route=%2Fwp%2Fv2%2Fmedia&parent=1714"}],"curies":[{"name":"wp","href":"https:\/\/api.w.org\/{rel}","templated":true}]}}