{"id":1711,"date":"2020-05-01T14:36:10","date_gmt":"2020-05-01T12:36:10","guid":{"rendered":"http:\/\/maudveith.com\/?page_id=1711"},"modified":"2022-10-21T19:58:08","modified_gmt":"2022-10-21T17:58:08","slug":"projets-perso","status":"publish","type":"page","link":"http:\/\/maudveith.com\/?page_id=1711","title":{"rendered":"Carnaval, Chiapas 2020"},"content":{"rendered":"\n<p class=\"has-text-align-right\" style=\"font-size:10px\">                                                                                                 <\/p>\n\n\n\n<figure class=\"wp-block-gallery columns-1 is-cropped wp-block-gallery-1 is-layout-flex wp-block-gallery-is-layout-flex\"><ul class=\"blocks-gallery-grid\"><li class=\"blocks-gallery-item\"><figure><img loading=\"lazy\" decoding=\"async\" width=\"1024\" height=\"710\" src=\"http:\/\/maudveith.com\/wp-content\/uploads\/2020\/05\/009-1024x710.jpg\" alt=\"\" data-id=\"1726\" data-full-url=\"http:\/\/maudveith.com\/wp-content\/uploads\/2020\/05\/009.jpg\" data-link=\"http:\/\/maudveith.com\/index.php\/projets-perso\/attachment\/009\/\" class=\"wp-image-1726\" srcset=\"http:\/\/maudveith.com\/wp-content\/uploads\/2020\/05\/009-1024x710.jpg 1024w, http:\/\/maudveith.com\/wp-content\/uploads\/2020\/05\/009-300x208.jpg 300w, http:\/\/maudveith.com\/wp-content\/uploads\/2020\/05\/009-768x532.jpg 768w, http:\/\/maudveith.com\/wp-content\/uploads\/2020\/05\/009-1536x1065.jpg 1536w, http:\/\/maudveith.com\/wp-content\/uploads\/2020\/05\/009.jpg 2044w\" sizes=\"auto, (max-width: 1024px) 100vw, 1024px\" \/><figcaption class=\"blocks-gallery-item__caption\"><br><\/figcaption><\/figure><\/li><li class=\"blocks-gallery-item\"><figure><img loading=\"lazy\" decoding=\"async\" width=\"1024\" height=\"693\" src=\"http:\/\/maudveith.com\/wp-content\/uploads\/2020\/05\/Mexique-13-1024x693.jpg\" alt=\"\" data-id=\"1730\" data-full-url=\"http:\/\/maudveith.com\/wp-content\/uploads\/2020\/05\/Mexique-13.jpg\" data-link=\"http:\/\/maudveith.com\/index.php\/projets-perso\/mexique-13\/\" class=\"wp-image-1730\" srcset=\"http:\/\/maudveith.com\/wp-content\/uploads\/2020\/05\/Mexique-13-1024x693.jpg 1024w, http:\/\/maudveith.com\/wp-content\/uploads\/2020\/05\/Mexique-13-300x203.jpg 300w, http:\/\/maudveith.com\/wp-content\/uploads\/2020\/05\/Mexique-13-768x520.jpg 768w, http:\/\/maudveith.com\/wp-content\/uploads\/2020\/05\/Mexique-13-1536x1039.jpg 1536w, http:\/\/maudveith.com\/wp-content\/uploads\/2020\/05\/Mexique-13.jpg 1676w\" sizes=\"auto, (max-width: 1024px) 100vw, 1024px\" \/><\/figure><\/li><li class=\"blocks-gallery-item\"><figure><img loading=\"lazy\" decoding=\"async\" width=\"1024\" height=\"687\" src=\"http:\/\/maudveith.com\/wp-content\/uploads\/2020\/05\/Mexique-36-1024x687.jpg\" alt=\"\" data-id=\"1735\" data-full-url=\"http:\/\/maudveith.com\/wp-content\/uploads\/2020\/05\/Mexique-36.jpg\" data-link=\"http:\/\/maudveith.com\/index.php\/projets-perso\/mexique-36\/\" class=\"wp-image-1735\" srcset=\"http:\/\/maudveith.com\/wp-content\/uploads\/2020\/05\/Mexique-36-1024x687.jpg 1024w, http:\/\/maudveith.com\/wp-content\/uploads\/2020\/05\/Mexique-36-300x201.jpg 300w, http:\/\/maudveith.com\/wp-content\/uploads\/2020\/05\/Mexique-36-768x515.jpg 768w, http:\/\/maudveith.com\/wp-content\/uploads\/2020\/05\/Mexique-36-1536x1030.jpg 1536w, http:\/\/maudveith.com\/wp-content\/uploads\/2020\/05\/Mexique-36.jpg 1691w\" sizes=\"auto, (max-width: 1024px) 100vw, 1024px\" \/><\/figure><\/li><li class=\"blocks-gallery-item\"><figure><img loading=\"lazy\" decoding=\"async\" width=\"1024\" height=\"690\" src=\"http:\/\/maudveith.com\/wp-content\/uploads\/2020\/05\/Mexique-12-1024x690.jpg\" alt=\"\" data-id=\"1729\" data-full-url=\"http:\/\/maudveith.com\/wp-content\/uploads\/2020\/05\/Mexique-12.jpg\" data-link=\"http:\/\/maudveith.com\/index.php\/projets-perso\/mexique-12\/\" class=\"wp-image-1729\" srcset=\"http:\/\/maudveith.com\/wp-content\/uploads\/2020\/05\/Mexique-12-1024x690.jpg 1024w, http:\/\/maudveith.com\/wp-content\/uploads\/2020\/05\/Mexique-12-300x202.jpg 300w, http:\/\/maudveith.com\/wp-content\/uploads\/2020\/05\/Mexique-12-768x518.jpg 768w, http:\/\/maudveith.com\/wp-content\/uploads\/2020\/05\/Mexique-12-1536x1036.jpg 1536w, http:\/\/maudveith.com\/wp-content\/uploads\/2020\/05\/Mexique-12.jpg 1682w\" sizes=\"auto, (max-width: 1024px) 100vw, 1024px\" \/><\/figure><\/li><li class=\"blocks-gallery-item\"><figure><img loading=\"lazy\" decoding=\"async\" width=\"1024\" height=\"683\" src=\"http:\/\/maudveith.com\/wp-content\/uploads\/2020\/05\/Mexique-9-1024x683.jpg\" alt=\"\" data-id=\"1728\" data-full-url=\"http:\/\/maudveith.com\/wp-content\/uploads\/2020\/05\/Mexique-9.jpg\" data-link=\"http:\/\/maudveith.com\/index.php\/projets-perso\/mexique-9\/\" class=\"wp-image-1728\" srcset=\"http:\/\/maudveith.com\/wp-content\/uploads\/2020\/05\/Mexique-9-1024x683.jpg 1024w, http:\/\/maudveith.com\/wp-content\/uploads\/2020\/05\/Mexique-9-300x200.jpg 300w, http:\/\/maudveith.com\/wp-content\/uploads\/2020\/05\/Mexique-9-768x513.jpg 768w, http:\/\/maudveith.com\/wp-content\/uploads\/2020\/05\/Mexique-9-1536x1025.jpg 1536w, http:\/\/maudveith.com\/wp-content\/uploads\/2020\/05\/Mexique-9.jpg 1699w\" sizes=\"auto, (max-width: 1024px) 100vw, 1024px\" \/><\/figure><\/li><li class=\"blocks-gallery-item\"><figure><img loading=\"lazy\" decoding=\"async\" width=\"1024\" height=\"686\" src=\"http:\/\/maudveith.com\/wp-content\/uploads\/2020\/05\/Mexique-40-1024x686.jpg\" alt=\"\" data-id=\"1736\" data-full-url=\"http:\/\/maudveith.com\/wp-content\/uploads\/2020\/05\/Mexique-40.jpg\" data-link=\"http:\/\/maudveith.com\/index.php\/projets-perso\/mexique-40\/\" class=\"wp-image-1736\" srcset=\"http:\/\/maudveith.com\/wp-content\/uploads\/2020\/05\/Mexique-40-1024x686.jpg 1024w, http:\/\/maudveith.com\/wp-content\/uploads\/2020\/05\/Mexique-40-300x201.jpg 300w, http:\/\/maudveith.com\/wp-content\/uploads\/2020\/05\/Mexique-40-768x515.jpg 768w, http:\/\/maudveith.com\/wp-content\/uploads\/2020\/05\/Mexique-40.jpg 1134w\" sizes=\"auto, (max-width: 1024px) 100vw, 1024px\" \/><\/figure><\/li><li class=\"blocks-gallery-item\"><figure><img loading=\"lazy\" decoding=\"async\" width=\"1024\" height=\"691\" src=\"http:\/\/maudveith.com\/wp-content\/uploads\/2020\/05\/Mexique-27-1024x691.jpg\" alt=\"\" data-id=\"1733\" data-full-url=\"http:\/\/maudveith.com\/wp-content\/uploads\/2020\/05\/Mexique-27.jpg\" data-link=\"http:\/\/maudveith.com\/index.php\/projets-perso\/mexique-27\/\" class=\"wp-image-1733\" srcset=\"http:\/\/maudveith.com\/wp-content\/uploads\/2020\/05\/Mexique-27-1024x691.jpg 1024w, http:\/\/maudveith.com\/wp-content\/uploads\/2020\/05\/Mexique-27-300x203.jpg 300w, http:\/\/maudveith.com\/wp-content\/uploads\/2020\/05\/Mexique-27-768x518.jpg 768w, http:\/\/maudveith.com\/wp-content\/uploads\/2020\/05\/Mexique-27-1536x1037.jpg 1536w, http:\/\/maudveith.com\/wp-content\/uploads\/2020\/05\/Mexique-27.jpg 1680w\" sizes=\"auto, (max-width: 1024px) 100vw, 1024px\" \/><\/figure><\/li><li class=\"blocks-gallery-item\"><figure><img loading=\"lazy\" decoding=\"async\" width=\"1024\" height=\"686\" src=\"http:\/\/maudveith.com\/wp-content\/uploads\/2020\/05\/Mexique-33-1024x686.jpg\" alt=\"\" data-id=\"1734\" data-full-url=\"http:\/\/maudveith.com\/wp-content\/uploads\/2020\/05\/Mexique-33.jpg\" data-link=\"http:\/\/maudveith.com\/index.php\/projets-perso\/mexique-33\/\" class=\"wp-image-1734\" srcset=\"http:\/\/maudveith.com\/wp-content\/uploads\/2020\/05\/Mexique-33-1024x686.jpg 1024w, http:\/\/maudveith.com\/wp-content\/uploads\/2020\/05\/Mexique-33-300x201.jpg 300w, http:\/\/maudveith.com\/wp-content\/uploads\/2020\/05\/Mexique-33-768x515.jpg 768w, http:\/\/maudveith.com\/wp-content\/uploads\/2020\/05\/Mexique-33.jpg 1134w\" sizes=\"auto, (max-width: 1024px) 100vw, 1024px\" \/><\/figure><\/li><li class=\"blocks-gallery-item\"><figure><img loading=\"lazy\" decoding=\"async\" width=\"1024\" height=\"695\" src=\"http:\/\/maudveith.com\/wp-content\/uploads\/2020\/05\/Mexique-20-1024x695.jpg\" alt=\"\" data-id=\"1731\" data-full-url=\"http:\/\/maudveith.com\/wp-content\/uploads\/2020\/05\/Mexique-20.jpg\" data-link=\"http:\/\/maudveith.com\/index.php\/projets-perso\/mexique-20\/\" class=\"wp-image-1731\" srcset=\"http:\/\/maudveith.com\/wp-content\/uploads\/2020\/05\/Mexique-20-1024x695.jpg 1024w, http:\/\/maudveith.com\/wp-content\/uploads\/2020\/05\/Mexique-20-300x204.jpg 300w, http:\/\/maudveith.com\/wp-content\/uploads\/2020\/05\/Mexique-20-768x522.jpg 768w, http:\/\/maudveith.com\/wp-content\/uploads\/2020\/05\/Mexique-20-1536x1043.jpg 1536w, http:\/\/maudveith.com\/wp-content\/uploads\/2020\/05\/Mexique-20.jpg 1670w\" sizes=\"auto, (max-width: 1024px) 100vw, 1024px\" \/><\/figure><\/li><li class=\"blocks-gallery-item\"><figure><img loading=\"lazy\" decoding=\"async\" width=\"1024\" height=\"683\" src=\"http:\/\/maudveith.com\/wp-content\/uploads\/2020\/05\/Mexique-21-1024x683.jpg\" alt=\"\" data-id=\"1732\" data-full-url=\"http:\/\/maudveith.com\/wp-content\/uploads\/2020\/05\/Mexique-21.jpg\" data-link=\"http:\/\/maudveith.com\/index.php\/projets-perso\/mexique-21\/\" class=\"wp-image-1732\" srcset=\"http:\/\/maudveith.com\/wp-content\/uploads\/2020\/05\/Mexique-21-1024x683.jpg 1024w, http:\/\/maudveith.com\/wp-content\/uploads\/2020\/05\/Mexique-21-300x200.jpg 300w, http:\/\/maudveith.com\/wp-content\/uploads\/2020\/05\/Mexique-21-768x512.jpg 768w, http:\/\/maudveith.com\/wp-content\/uploads\/2020\/05\/Mexique-21-1536x1024.jpg 1536w, http:\/\/maudveith.com\/wp-content\/uploads\/2020\/05\/Mexique-21.jpg 1701w\" sizes=\"auto, (max-width: 1024px) 100vw, 1024px\" \/><\/figure><\/li><li class=\"blocks-gallery-item\"><figure><img loading=\"lazy\" decoding=\"async\" width=\"1024\" height=\"686\" src=\"http:\/\/maudveith.com\/wp-content\/uploads\/2020\/05\/C001125-R1-16-20A-1024x686.jpg\" alt=\"\" data-id=\"1727\" data-full-url=\"http:\/\/maudveith.com\/wp-content\/uploads\/2020\/05\/C001125-R1-16-20A.jpg\" data-link=\"http:\/\/maudveith.com\/index.php\/projets-perso\/c001125-r1-16-20a\/\" class=\"wp-image-1727\" srcset=\"http:\/\/maudveith.com\/wp-content\/uploads\/2020\/05\/C001125-R1-16-20A-1024x686.jpg 1024w, http:\/\/maudveith.com\/wp-content\/uploads\/2020\/05\/C001125-R1-16-20A-300x201.jpg 300w, http:\/\/maudveith.com\/wp-content\/uploads\/2020\/05\/C001125-R1-16-20A-768x515.jpg 768w, http:\/\/maudveith.com\/wp-content\/uploads\/2020\/05\/C001125-R1-16-20A.jpg 1134w\" sizes=\"auto, (max-width: 1024px) 100vw, 1024px\" \/><\/figure><\/li><\/ul><\/figure>\n\n\n\n<p class=\"has-small-font-size\">Ce voyage avait comme pr\u00e9texte de conna\u00eetre le lieu d&rsquo;exil d&rsquo;une amie ch\u00e8re. Le temps \u00e9tant court, la consigne \u00e9tait de ne pas chercher \u00e0 comprendre. Au contraire, l&rsquo;id\u00e9e \u00e9tant de ressentir et de retrouver cet \u00e9tat de disponibilit\u00e9 \u00e0 photographier. <\/p>\n\n\n\n<p class=\"has-small-font-size\">Accompagn\u00e9e du Leica, je vadrouille seule et m&rsquo;amuse avec les vitesses lentes. Elles me permettent de traduire cette vague d&rsquo;\u00e9motion qui me traverse&nbsp;: apr\u00e8s 4 jours de f\u00eate intense, tout le village de Zinacantan est rassembl\u00e9 en une foule bruyante et color\u00e9e sur la place principale. Personne ne fait attention \u00e0 moi. Exactement ce que je cherchais. Le jour tombe et la sensation de faire partie d&rsquo;un ensemble me traverse agr\u00e9ablement. Abrutie par la musique et la chaleur, je suis \u00e9mue de savoir que au del\u00e0 des montagnes que j\u2019aper\u00e7ois, des femmes, des hommes et des enfants exp\u00e9rimentent un quotidien diff\u00e9rent, et luttent pour vivre libre des dictas du monde capitaliste, proche de la terre et loin du profit. <\/p>\n\n\n\n<p class=\"has-small-font-size\">Je suis en territoire zapatiste. <\/p>\n\n\n\n<p><\/p>\n\n\n\n<p><\/p>\n","protected":false},"excerpt":{"rendered":"<p>Ce voyage avait comme pr\u00e9texte de conna\u00eetre le lieu d&rsquo;exil d&rsquo;une amie ch\u00e8re. Le temps \u00e9tant court, la consigne \u00e9tait de ne pas chercher \u00e0&#8230;<\/p>\n<div class=\"more-link-wrapper\"><a class=\"more-link\" href=\"http:\/\/maudveith.com\/?page_id=1711\">Continue Reading<span class=\"screen-reader-text\">Carnaval, Chiapas 2020<\/span><\/a><\/div>\n","protected":false},"author":1,"featured_media":0,"parent":0,"menu_order":0,"comment_status":"closed","ping_status":"closed","template":"","meta":{"footnotes":""},"class_list":["post-1711","page","type-page","status-publish","hentry","entry"],"_links":{"self":[{"href":"http:\/\/maudveith.com\/index.php?rest_route=\/wp\/v2\/pages\/1711","targetHints":{"allow":["GET"]}}],"collection":[{"href":"http:\/\/maudveith.com\/index.php?rest_route=\/wp\/v2\/pages"}],"about":[{"href":"http:\/\/maudveith.com\/index.php?rest_route=\/wp\/v2\/types\/page"}],"author":[{"embeddable":true,"href":"http:\/\/maudveith.com\/index.php?rest_route=\/wp\/v2\/users\/1"}],"replies":[{"embeddable":true,"href":"http:\/\/maudveith.com\/index.php?rest_route=%2Fwp%2Fv2%2Fcomments&post=1711"}],"version-history":[{"count":34,"href":"http:\/\/maudveith.com\/index.php?rest_route=\/wp\/v2\/pages\/1711\/revisions"}],"predecessor-version":[{"id":2616,"href":"http:\/\/maudveith.com\/index.php?rest_route=\/wp\/v2\/pages\/1711\/revisions\/2616"}],"wp:attachment":[{"href":"http:\/\/maudveith.com\/index.php?rest_route=%2Fwp%2Fv2%2Fmedia&parent=1711"}],"curies":[{"name":"wp","href":"https:\/\/api.w.org\/{rel}","templated":true}]}}