{"id":1545,"date":"2019-12-06T10:40:08","date_gmt":"2019-12-06T09:40:08","guid":{"rendered":"http:\/\/maudveith.com\/?page_id=1545"},"modified":"2025-10-22T18:35:05","modified_gmt":"2025-10-22T16:35:05","slug":"la-parade-des-invisibles","status":"publish","type":"page","link":"http:\/\/maudveith.com\/?page_id=1545","title":{"rendered":"La parade des lanternes, 2019\/2025"},"content":{"rendered":"\n<p><\/p>\n\n\n\n<p class=\"has-small-font-size\">L\u2019association <em>Les Poussi\u00e8res<\/em> g\u00e8re et anime un lieu culturel de proximit\u00e9 dans le centre d\u2019Aubervilliers. Elle organise sa bi-annuelle \u00abd\u00e9ambulation des lanternes\u00bb depuis 2012. J&rsquo;ai \u00e9t\u00e9 engag\u00e9e depuis 2019 pour documenter leurs actions.<\/p>\n\n\n\n<figure class=\"wp-block-gallery has-nested-images columns-1 is-cropped wp-block-gallery-1 is-layout-flex wp-block-gallery-is-layout-flex\">\n<figure class=\"wp-block-image size-large\"><a href=\"http:\/\/maudveith.com\/?attachment_id=2482\"><img loading=\"lazy\" decoding=\"async\" width=\"1024\" height=\"682\" data-id=\"2482\" src=\"http:\/\/maudveith.com\/wp-content\/uploads\/2022\/02\/AQU_4625-1024x682.jpg\" alt=\"\" class=\"wp-image-2482\" srcset=\"http:\/\/maudveith.com\/wp-content\/uploads\/2022\/02\/AQU_4625-1024x682.jpg 1024w, http:\/\/maudveith.com\/wp-content\/uploads\/2022\/02\/AQU_4625-300x200.jpg 300w, http:\/\/maudveith.com\/wp-content\/uploads\/2022\/02\/AQU_4625-768x512.jpg 768w, http:\/\/maudveith.com\/wp-content\/uploads\/2022\/02\/AQU_4625-1536x1024.jpg 1536w, http:\/\/maudveith.com\/wp-content\/uploads\/2022\/02\/AQU_4625.jpg 1772w\" sizes=\"auto, (max-width: 1024px) 100vw, 1024px\" \/><\/a><\/figure>\n\n\n\n<figure class=\"wp-block-image size-large\"><img loading=\"lazy\" decoding=\"async\" width=\"1024\" height=\"683\" data-id=\"2988\" src=\"http:\/\/maudveith.com\/wp-content\/uploads\/2025\/10\/AQU_4442-1024x683.jpg\" alt=\"\" class=\"wp-image-2988\" srcset=\"http:\/\/maudveith.com\/wp-content\/uploads\/2025\/10\/AQU_4442-1024x683.jpg 1024w, http:\/\/maudveith.com\/wp-content\/uploads\/2025\/10\/AQU_4442-300x200.jpg 300w, http:\/\/maudveith.com\/wp-content\/uploads\/2025\/10\/AQU_4442-768x512.jpg 768w, http:\/\/maudveith.com\/wp-content\/uploads\/2025\/10\/AQU_4442-1536x1024.jpg 1536w, http:\/\/maudveith.com\/wp-content\/uploads\/2025\/10\/AQU_4442.jpg 1890w\" sizes=\"auto, (max-width: 1024px) 100vw, 1024px\" \/><\/figure>\n\n\n\n<figure class=\"wp-block-image size-large\"><a href=\"http:\/\/maudveith.com\/?attachment_id=2483\"><img loading=\"lazy\" decoding=\"async\" width=\"1024\" height=\"683\" data-id=\"2483\" src=\"http:\/\/maudveith.com\/wp-content\/uploads\/2022\/02\/AQU_4632-1024x683.jpg\" alt=\"\" class=\"wp-image-2483\" srcset=\"http:\/\/maudveith.com\/wp-content\/uploads\/2022\/02\/AQU_4632-1024x683.jpg 1024w, http:\/\/maudveith.com\/wp-content\/uploads\/2022\/02\/AQU_4632-300x200.jpg 300w, http:\/\/maudveith.com\/wp-content\/uploads\/2022\/02\/AQU_4632-768x512.jpg 768w, http:\/\/maudveith.com\/wp-content\/uploads\/2022\/02\/AQU_4632-1536x1024.jpg 1536w, http:\/\/maudveith.com\/wp-content\/uploads\/2022\/02\/AQU_4632.jpg 1771w\" sizes=\"auto, (max-width: 1024px) 100vw, 1024px\" \/><\/a><\/figure>\n\n\n\n<figure class=\"wp-block-image size-large\"><img loading=\"lazy\" decoding=\"async\" width=\"1024\" height=\"683\" data-id=\"2982\" src=\"http:\/\/maudveith.com\/wp-content\/uploads\/2025\/10\/AQU_1246-1024x683.jpg\" alt=\"\" class=\"wp-image-2982\" srcset=\"http:\/\/maudveith.com\/wp-content\/uploads\/2025\/10\/AQU_1246-1024x683.jpg 1024w, http:\/\/maudveith.com\/wp-content\/uploads\/2025\/10\/AQU_1246-300x200.jpg 300w, http:\/\/maudveith.com\/wp-content\/uploads\/2025\/10\/AQU_1246-768x512.jpg 768w, http:\/\/maudveith.com\/wp-content\/uploads\/2025\/10\/AQU_1246-1536x1024.jpg 1536w, http:\/\/maudveith.com\/wp-content\/uploads\/2025\/10\/AQU_1246.jpg 1890w\" sizes=\"auto, (max-width: 1024px) 100vw, 1024px\" \/><\/figure>\n\n\n\n<figure class=\"wp-block-image size-large\"><a href=\"http:\/\/maudveith.com\/?attachment_id=2481\"><img loading=\"lazy\" decoding=\"async\" width=\"1024\" height=\"683\" data-id=\"2481\" src=\"http:\/\/maudveith.com\/wp-content\/uploads\/2022\/02\/AQU_4514-1024x683.jpg\" alt=\"\" class=\"wp-image-2481\" srcset=\"http:\/\/maudveith.com\/wp-content\/uploads\/2022\/02\/AQU_4514-1024x683.jpg 1024w, http:\/\/maudveith.com\/wp-content\/uploads\/2022\/02\/AQU_4514-300x200.jpg 300w, http:\/\/maudveith.com\/wp-content\/uploads\/2022\/02\/AQU_4514-768x512.jpg 768w, http:\/\/maudveith.com\/wp-content\/uploads\/2022\/02\/AQU_4514-1536x1024.jpg 1536w, http:\/\/maudveith.com\/wp-content\/uploads\/2022\/02\/AQU_4514.jpg 1771w\" sizes=\"auto, (max-width: 1024px) 100vw, 1024px\" \/><\/a><\/figure>\n\n\n\n<figure class=\"wp-block-image size-large\"><img loading=\"lazy\" decoding=\"async\" width=\"1024\" height=\"683\" data-id=\"2983\" src=\"http:\/\/maudveith.com\/wp-content\/uploads\/2025\/10\/AQU_1224-1024x683.jpg\" alt=\"\" class=\"wp-image-2983\" srcset=\"http:\/\/maudveith.com\/wp-content\/uploads\/2025\/10\/AQU_1224-1024x683.jpg 1024w, http:\/\/maudveith.com\/wp-content\/uploads\/2025\/10\/AQU_1224-300x200.jpg 300w, http:\/\/maudveith.com\/wp-content\/uploads\/2025\/10\/AQU_1224-768x512.jpg 768w, http:\/\/maudveith.com\/wp-content\/uploads\/2025\/10\/AQU_1224-1536x1024.jpg 1536w, http:\/\/maudveith.com\/wp-content\/uploads\/2025\/10\/AQU_1224.jpg 1890w\" sizes=\"auto, (max-width: 1024px) 100vw, 1024px\" \/><\/figure>\n\n\n\n<figure class=\"wp-block-image size-large\"><img loading=\"lazy\" decoding=\"async\" width=\"1024\" height=\"683\" data-id=\"2971\" src=\"http:\/\/maudveith.com\/wp-content\/uploads\/2025\/10\/AQU_0753-1024x683.jpg\" alt=\"\" class=\"wp-image-2971\" srcset=\"http:\/\/maudveith.com\/wp-content\/uploads\/2025\/10\/AQU_0753-1024x683.jpg 1024w, http:\/\/maudveith.com\/wp-content\/uploads\/2025\/10\/AQU_0753-300x200.jpg 300w, http:\/\/maudveith.com\/wp-content\/uploads\/2025\/10\/AQU_0753-768x512.jpg 768w, http:\/\/maudveith.com\/wp-content\/uploads\/2025\/10\/AQU_0753-1536x1024.jpg 1536w, http:\/\/maudveith.com\/wp-content\/uploads\/2025\/10\/AQU_0753.jpg 1890w\" sizes=\"auto, (max-width: 1024px) 100vw, 1024px\" \/><\/figure>\n\n\n\n<figure class=\"wp-block-image size-large\"><img loading=\"lazy\" decoding=\"async\" width=\"1024\" height=\"683\" data-id=\"2970\" src=\"http:\/\/maudveith.com\/wp-content\/uploads\/2025\/10\/AQU_0814-1024x683.jpg\" alt=\"\" class=\"wp-image-2970\" srcset=\"http:\/\/maudveith.com\/wp-content\/uploads\/2025\/10\/AQU_0814-1024x683.jpg 1024w, http:\/\/maudveith.com\/wp-content\/uploads\/2025\/10\/AQU_0814-300x200.jpg 300w, http:\/\/maudveith.com\/wp-content\/uploads\/2025\/10\/AQU_0814-768x512.jpg 768w, http:\/\/maudveith.com\/wp-content\/uploads\/2025\/10\/AQU_0814-1536x1024.jpg 1536w, http:\/\/maudveith.com\/wp-content\/uploads\/2025\/10\/AQU_0814.jpg 1890w\" sizes=\"auto, (max-width: 1024px) 100vw, 1024px\" \/><\/figure>\n\n\n\n<figure class=\"wp-block-image size-large\"><a href=\"http:\/\/maudveith.com\/?attachment_id=2998\"><img loading=\"lazy\" decoding=\"async\" width=\"1024\" height=\"683\" data-id=\"2998\" src=\"http:\/\/maudveith.com\/wp-content\/uploads\/2025\/10\/AQU_4958-2-1024x683.jpg\" alt=\"\" class=\"wp-image-2998\" srcset=\"http:\/\/maudveith.com\/wp-content\/uploads\/2025\/10\/AQU_4958-2-1024x683.jpg 1024w, http:\/\/maudveith.com\/wp-content\/uploads\/2025\/10\/AQU_4958-2-300x200.jpg 300w, http:\/\/maudveith.com\/wp-content\/uploads\/2025\/10\/AQU_4958-2-768x512.jpg 768w, http:\/\/maudveith.com\/wp-content\/uploads\/2025\/10\/AQU_4958-2-1536x1024.jpg 1536w, http:\/\/maudveith.com\/wp-content\/uploads\/2025\/10\/AQU_4958-2.jpg 1890w\" sizes=\"auto, (max-width: 1024px) 100vw, 1024px\" \/><\/a><\/figure>\n\n\n\n<figure class=\"wp-block-image size-large\"><img loading=\"lazy\" decoding=\"async\" width=\"1024\" height=\"683\" data-id=\"2969\" src=\"http:\/\/maudveith.com\/wp-content\/uploads\/2025\/10\/AQU_0704-1024x683.jpg\" alt=\"\" class=\"wp-image-2969\" srcset=\"http:\/\/maudveith.com\/wp-content\/uploads\/2025\/10\/AQU_0704-1024x683.jpg 1024w, http:\/\/maudveith.com\/wp-content\/uploads\/2025\/10\/AQU_0704-300x200.jpg 300w, http:\/\/maudveith.com\/wp-content\/uploads\/2025\/10\/AQU_0704-768x512.jpg 768w, http:\/\/maudveith.com\/wp-content\/uploads\/2025\/10\/AQU_0704-1536x1024.jpg 1536w, http:\/\/maudveith.com\/wp-content\/uploads\/2025\/10\/AQU_0704.jpg 1890w\" sizes=\"auto, (max-width: 1024px) 100vw, 1024px\" \/><\/figure>\n\n\n\n<figure class=\"wp-block-image size-large\"><a href=\"http:\/\/maudveith.com\/?attachment_id=2489\"><img loading=\"lazy\" decoding=\"async\" width=\"1024\" height=\"683\" data-id=\"2489\" src=\"http:\/\/maudveith.com\/wp-content\/uploads\/2022\/02\/AQU_4991-1024x683.jpg\" alt=\"\" class=\"wp-image-2489\" srcset=\"http:\/\/maudveith.com\/wp-content\/uploads\/2022\/02\/AQU_4991-1024x683.jpg 1024w, http:\/\/maudveith.com\/wp-content\/uploads\/2022\/02\/AQU_4991-300x200.jpg 300w, http:\/\/maudveith.com\/wp-content\/uploads\/2022\/02\/AQU_4991-768x512.jpg 768w, http:\/\/maudveith.com\/wp-content\/uploads\/2022\/02\/AQU_4991-1536x1024.jpg 1536w, http:\/\/maudveith.com\/wp-content\/uploads\/2022\/02\/AQU_4991.jpg 1771w\" sizes=\"auto, (max-width: 1024px) 100vw, 1024px\" \/><\/a><\/figure>\n\n\n\n<figure class=\"wp-block-image size-large\"><img loading=\"lazy\" decoding=\"async\" width=\"1024\" height=\"683\" data-id=\"2966\" src=\"http:\/\/maudveith.com\/wp-content\/uploads\/2025\/10\/AQU_0703-1024x683.jpg\" alt=\"\" class=\"wp-image-2966\" srcset=\"http:\/\/maudveith.com\/wp-content\/uploads\/2025\/10\/AQU_0703-1024x683.jpg 1024w, http:\/\/maudveith.com\/wp-content\/uploads\/2025\/10\/AQU_0703-300x200.jpg 300w, http:\/\/maudveith.com\/wp-content\/uploads\/2025\/10\/AQU_0703-768x512.jpg 768w, http:\/\/maudveith.com\/wp-content\/uploads\/2025\/10\/AQU_0703-1536x1024.jpg 1536w, http:\/\/maudveith.com\/wp-content\/uploads\/2025\/10\/AQU_0703.jpg 1890w\" sizes=\"auto, (max-width: 1024px) 100vw, 1024px\" \/><\/figure>\n\n\n\n<figure class=\"wp-block-image size-large\"><img loading=\"lazy\" decoding=\"async\" width=\"1024\" height=\"683\" data-id=\"2984\" src=\"http:\/\/maudveith.com\/wp-content\/uploads\/2025\/10\/AQU_1172-1024x683.jpg\" alt=\"\" class=\"wp-image-2984\" srcset=\"http:\/\/maudveith.com\/wp-content\/uploads\/2025\/10\/AQU_1172-1024x683.jpg 1024w, http:\/\/maudveith.com\/wp-content\/uploads\/2025\/10\/AQU_1172-300x200.jpg 300w, http:\/\/maudveith.com\/wp-content\/uploads\/2025\/10\/AQU_1172-768x512.jpg 768w, http:\/\/maudveith.com\/wp-content\/uploads\/2025\/10\/AQU_1172-1536x1024.jpg 1536w, http:\/\/maudveith.com\/wp-content\/uploads\/2025\/10\/AQU_1172.jpg 1890w\" sizes=\"auto, (max-width: 1024px) 100vw, 1024px\" \/><\/figure>\n\n\n\n<figure class=\"wp-block-image size-large\"><img loading=\"lazy\" decoding=\"async\" width=\"1024\" height=\"683\" data-id=\"2972\" src=\"http:\/\/maudveith.com\/wp-content\/uploads\/2025\/10\/AQU_0880-1024x683.jpg\" alt=\"\" class=\"wp-image-2972\" srcset=\"http:\/\/maudveith.com\/wp-content\/uploads\/2025\/10\/AQU_0880-1024x683.jpg 1024w, http:\/\/maudveith.com\/wp-content\/uploads\/2025\/10\/AQU_0880-300x200.jpg 300w, http:\/\/maudveith.com\/wp-content\/uploads\/2025\/10\/AQU_0880-768x512.jpg 768w, http:\/\/maudveith.com\/wp-content\/uploads\/2025\/10\/AQU_0880-1536x1024.jpg 1536w, http:\/\/maudveith.com\/wp-content\/uploads\/2025\/10\/AQU_0880.jpg 1890w\" sizes=\"auto, (max-width: 1024px) 100vw, 1024px\" \/><\/figure>\n\n\n\n<figure class=\"wp-block-image size-large\"><img loading=\"lazy\" decoding=\"async\" width=\"1024\" height=\"683\" data-id=\"2976\" src=\"http:\/\/maudveith.com\/wp-content\/uploads\/2025\/10\/AQU_0896-1024x683.jpg\" alt=\"\" class=\"wp-image-2976\" srcset=\"http:\/\/maudveith.com\/wp-content\/uploads\/2025\/10\/AQU_0896-1024x683.jpg 1024w, http:\/\/maudveith.com\/wp-content\/uploads\/2025\/10\/AQU_0896-300x200.jpg 300w, http:\/\/maudveith.com\/wp-content\/uploads\/2025\/10\/AQU_0896-768x512.jpg 768w, http:\/\/maudveith.com\/wp-content\/uploads\/2025\/10\/AQU_0896-1536x1024.jpg 1536w, http:\/\/maudveith.com\/wp-content\/uploads\/2025\/10\/AQU_0896.jpg 1890w\" sizes=\"auto, (max-width: 1024px) 100vw, 1024px\" \/><\/figure>\n\n\n\n<figure class=\"wp-block-image size-large\"><img loading=\"lazy\" decoding=\"async\" width=\"1024\" height=\"683\" data-id=\"2973\" src=\"http:\/\/maudveith.com\/wp-content\/uploads\/2025\/10\/AQU_0933-1024x683.jpg\" alt=\"\" class=\"wp-image-2973\" srcset=\"http:\/\/maudveith.com\/wp-content\/uploads\/2025\/10\/AQU_0933-1024x683.jpg 1024w, http:\/\/maudveith.com\/wp-content\/uploads\/2025\/10\/AQU_0933-300x200.jpg 300w, http:\/\/maudveith.com\/wp-content\/uploads\/2025\/10\/AQU_0933-768x512.jpg 768w, http:\/\/maudveith.com\/wp-content\/uploads\/2025\/10\/AQU_0933-1536x1024.jpg 1536w, http:\/\/maudveith.com\/wp-content\/uploads\/2025\/10\/AQU_0933.jpg 1890w\" sizes=\"auto, (max-width: 1024px) 100vw, 1024px\" \/><\/figure>\n\n\n\n<figure class=\"wp-block-image size-large\"><a href=\"http:\/\/maudveith.com\/?attachment_id=2491\"><img loading=\"lazy\" decoding=\"async\" width=\"1024\" height=\"682\" data-id=\"2491\" src=\"http:\/\/maudveith.com\/wp-content\/uploads\/2022\/02\/AQU_5069-1024x682.jpg\" alt=\"\" class=\"wp-image-2491\" srcset=\"http:\/\/maudveith.com\/wp-content\/uploads\/2022\/02\/AQU_5069-1024x682.jpg 1024w, http:\/\/maudveith.com\/wp-content\/uploads\/2022\/02\/AQU_5069-300x200.jpg 300w, http:\/\/maudveith.com\/wp-content\/uploads\/2022\/02\/AQU_5069-768x512.jpg 768w, http:\/\/maudveith.com\/wp-content\/uploads\/2022\/02\/AQU_5069-1536x1024.jpg 1536w, http:\/\/maudveith.com\/wp-content\/uploads\/2022\/02\/AQU_5069.jpg 1772w\" sizes=\"auto, (max-width: 1024px) 100vw, 1024px\" \/><\/a><\/figure>\n\n\n\n<figure class=\"wp-block-image size-large\"><img loading=\"lazy\" decoding=\"async\" width=\"1024\" height=\"683\" data-id=\"2980\" src=\"http:\/\/maudveith.com\/wp-content\/uploads\/2025\/10\/AQU_1054-1024x683.jpg\" alt=\"\" class=\"wp-image-2980\" srcset=\"http:\/\/maudveith.com\/wp-content\/uploads\/2025\/10\/AQU_1054-1024x683.jpg 1024w, http:\/\/maudveith.com\/wp-content\/uploads\/2025\/10\/AQU_1054-300x200.jpg 300w, http:\/\/maudveith.com\/wp-content\/uploads\/2025\/10\/AQU_1054-768x512.jpg 768w, http:\/\/maudveith.com\/wp-content\/uploads\/2025\/10\/AQU_1054-1536x1024.jpg 1536w, http:\/\/maudveith.com\/wp-content\/uploads\/2025\/10\/AQU_1054.jpg 1890w\" sizes=\"auto, (max-width: 1024px) 100vw, 1024px\" \/><\/figure>\n\n\n\n<figure class=\"wp-block-image size-large\"><img loading=\"lazy\" decoding=\"async\" width=\"1024\" height=\"683\" data-id=\"2981\" src=\"http:\/\/maudveith.com\/wp-content\/uploads\/2025\/10\/AQU_1156-1024x683.jpg\" alt=\"\" class=\"wp-image-2981\" srcset=\"http:\/\/maudveith.com\/wp-content\/uploads\/2025\/10\/AQU_1156-1024x683.jpg 1024w, http:\/\/maudveith.com\/wp-content\/uploads\/2025\/10\/AQU_1156-300x200.jpg 300w, http:\/\/maudveith.com\/wp-content\/uploads\/2025\/10\/AQU_1156-768x512.jpg 768w, http:\/\/maudveith.com\/wp-content\/uploads\/2025\/10\/AQU_1156-1536x1024.jpg 1536w, http:\/\/maudveith.com\/wp-content\/uploads\/2025\/10\/AQU_1156.jpg 1890w\" sizes=\"auto, (max-width: 1024px) 100vw, 1024px\" \/><\/figure>\n\n\n\n<figure class=\"wp-block-image size-large\"><img loading=\"lazy\" decoding=\"async\" width=\"1024\" height=\"683\" data-id=\"2974\" src=\"http:\/\/maudveith.com\/wp-content\/uploads\/2025\/10\/AQU_0982-1024x683.jpg\" alt=\"\" class=\"wp-image-2974\" srcset=\"http:\/\/maudveith.com\/wp-content\/uploads\/2025\/10\/AQU_0982-1024x683.jpg 1024w, http:\/\/maudveith.com\/wp-content\/uploads\/2025\/10\/AQU_0982-300x200.jpg 300w, http:\/\/maudveith.com\/wp-content\/uploads\/2025\/10\/AQU_0982-768x512.jpg 768w, http:\/\/maudveith.com\/wp-content\/uploads\/2025\/10\/AQU_0982-1536x1024.jpg 1536w, http:\/\/maudveith.com\/wp-content\/uploads\/2025\/10\/AQU_0982.jpg 1890w\" sizes=\"auto, (max-width: 1024px) 100vw, 1024px\" \/><\/figure>\n\n\n\n<figure class=\"wp-block-image size-large\"><img loading=\"lazy\" decoding=\"async\" width=\"1024\" height=\"683\" data-id=\"2987\" src=\"http:\/\/maudveith.com\/wp-content\/uploads\/2025\/10\/AQU_1656-1024x683.jpg\" alt=\"\" class=\"wp-image-2987\" srcset=\"http:\/\/maudveith.com\/wp-content\/uploads\/2025\/10\/AQU_1656-1024x683.jpg 1024w, http:\/\/maudveith.com\/wp-content\/uploads\/2025\/10\/AQU_1656-300x200.jpg 300w, http:\/\/maudveith.com\/wp-content\/uploads\/2025\/10\/AQU_1656-768x512.jpg 768w, http:\/\/maudveith.com\/wp-content\/uploads\/2025\/10\/AQU_1656-1536x1024.jpg 1536w, http:\/\/maudveith.com\/wp-content\/uploads\/2025\/10\/AQU_1656.jpg 1890w\" sizes=\"auto, (max-width: 1024px) 100vw, 1024px\" \/><\/figure>\n\n\n\n<figure class=\"wp-block-image size-large\"><img loading=\"lazy\" decoding=\"async\" width=\"1024\" height=\"683\" data-id=\"2975\" src=\"http:\/\/maudveith.com\/wp-content\/uploads\/2025\/10\/AQU_1004-1024x683.jpg\" alt=\"\" class=\"wp-image-2975\" srcset=\"http:\/\/maudveith.com\/wp-content\/uploads\/2025\/10\/AQU_1004-1024x683.jpg 1024w, http:\/\/maudveith.com\/wp-content\/uploads\/2025\/10\/AQU_1004-300x200.jpg 300w, http:\/\/maudveith.com\/wp-content\/uploads\/2025\/10\/AQU_1004-768x512.jpg 768w, http:\/\/maudveith.com\/wp-content\/uploads\/2025\/10\/AQU_1004-1536x1024.jpg 1536w, http:\/\/maudveith.com\/wp-content\/uploads\/2025\/10\/AQU_1004.jpg 1890w\" sizes=\"auto, (max-width: 1024px) 100vw, 1024px\" \/><\/figure>\n\n\n\n<figure class=\"wp-block-image size-large\"><img loading=\"lazy\" decoding=\"async\" width=\"1024\" height=\"683\" data-id=\"2986\" src=\"http:\/\/maudveith.com\/wp-content\/uploads\/2025\/10\/AQU_1671-1024x683.jpg\" alt=\"\" class=\"wp-image-2986\" srcset=\"http:\/\/maudveith.com\/wp-content\/uploads\/2025\/10\/AQU_1671-1024x683.jpg 1024w, http:\/\/maudveith.com\/wp-content\/uploads\/2025\/10\/AQU_1671-300x200.jpg 300w, http:\/\/maudveith.com\/wp-content\/uploads\/2025\/10\/AQU_1671-768x512.jpg 768w, http:\/\/maudveith.com\/wp-content\/uploads\/2025\/10\/AQU_1671-1536x1024.jpg 1536w, http:\/\/maudveith.com\/wp-content\/uploads\/2025\/10\/AQU_1671.jpg 1890w\" sizes=\"auto, (max-width: 1024px) 100vw, 1024px\" \/><\/figure>\n\n\n\n<figure class=\"wp-block-image size-large\"><img loading=\"lazy\" decoding=\"async\" width=\"1024\" height=\"683\" data-id=\"2978\" src=\"http:\/\/maudveith.com\/wp-content\/uploads\/2025\/10\/AQU_1011-1024x683.jpg\" alt=\"\" class=\"wp-image-2978\" srcset=\"http:\/\/maudveith.com\/wp-content\/uploads\/2025\/10\/AQU_1011-1024x683.jpg 1024w, http:\/\/maudveith.com\/wp-content\/uploads\/2025\/10\/AQU_1011-300x200.jpg 300w, http:\/\/maudveith.com\/wp-content\/uploads\/2025\/10\/AQU_1011-768x512.jpg 768w, http:\/\/maudveith.com\/wp-content\/uploads\/2025\/10\/AQU_1011-1536x1024.jpg 1536w, http:\/\/maudveith.com\/wp-content\/uploads\/2025\/10\/AQU_1011.jpg 1890w\" sizes=\"auto, (max-width: 1024px) 100vw, 1024px\" \/><\/figure>\n\n\n\n<figure class=\"wp-block-image size-large\"><img loading=\"lazy\" decoding=\"async\" width=\"1024\" height=\"683\" data-id=\"2985\" src=\"http:\/\/maudveith.com\/wp-content\/uploads\/2025\/10\/AQU_1724-1024x683.jpg\" alt=\"\" class=\"wp-image-2985\" srcset=\"http:\/\/maudveith.com\/wp-content\/uploads\/2025\/10\/AQU_1724-1024x683.jpg 1024w, http:\/\/maudveith.com\/wp-content\/uploads\/2025\/10\/AQU_1724-300x200.jpg 300w, http:\/\/maudveith.com\/wp-content\/uploads\/2025\/10\/AQU_1724-768x512.jpg 768w, http:\/\/maudveith.com\/wp-content\/uploads\/2025\/10\/AQU_1724-1536x1024.jpg 1536w, http:\/\/maudveith.com\/wp-content\/uploads\/2025\/10\/AQU_1724.jpg 1890w\" sizes=\"auto, (max-width: 1024px) 100vw, 1024px\" \/><\/figure>\n\n\n\n<figure class=\"wp-block-image size-large\"><img loading=\"lazy\" decoding=\"async\" width=\"1024\" height=\"683\" data-id=\"2979\" src=\"http:\/\/maudveith.com\/wp-content\/uploads\/2025\/10\/AQU_1034-1024x683.jpg\" alt=\"\" class=\"wp-image-2979\" srcset=\"http:\/\/maudveith.com\/wp-content\/uploads\/2025\/10\/AQU_1034-1024x683.jpg 1024w, http:\/\/maudveith.com\/wp-content\/uploads\/2025\/10\/AQU_1034-300x200.jpg 300w, http:\/\/maudveith.com\/wp-content\/uploads\/2025\/10\/AQU_1034-768x512.jpg 768w, http:\/\/maudveith.com\/wp-content\/uploads\/2025\/10\/AQU_1034-1536x1024.jpg 1536w, http:\/\/maudveith.com\/wp-content\/uploads\/2025\/10\/AQU_1034.jpg 1890w\" sizes=\"auto, (max-width: 1024px) 100vw, 1024px\" \/><\/figure>\n\n\n\n<figure class=\"wp-block-image size-large\"><img loading=\"lazy\" decoding=\"async\" width=\"1024\" height=\"684\" data-id=\"2992\" src=\"http:\/\/maudveith.com\/wp-content\/uploads\/2025\/10\/AQU_5148-1-1024x684.jpg\" alt=\"\" class=\"wp-image-2992\" srcset=\"http:\/\/maudveith.com\/wp-content\/uploads\/2025\/10\/AQU_5148-1-1024x684.jpg 1024w, http:\/\/maudveith.com\/wp-content\/uploads\/2025\/10\/AQU_5148-1-300x200.jpg 300w, http:\/\/maudveith.com\/wp-content\/uploads\/2025\/10\/AQU_5148-1-768x513.jpg 768w, http:\/\/maudveith.com\/wp-content\/uploads\/2025\/10\/AQU_5148-1-1536x1026.jpg 1536w, http:\/\/maudveith.com\/wp-content\/uploads\/2025\/10\/AQU_5148-1.jpg 1890w\" sizes=\"auto, (max-width: 1024px) 100vw, 1024px\" \/><\/figure>\n\n\n\n<figure class=\"wp-block-image size-large\"><img loading=\"lazy\" decoding=\"async\" width=\"1024\" height=\"683\" data-id=\"2991\" src=\"http:\/\/maudveith.com\/wp-content\/uploads\/2025\/10\/AQU_5085-1024x683.jpg\" alt=\"\" class=\"wp-image-2991\" srcset=\"http:\/\/maudveith.com\/wp-content\/uploads\/2025\/10\/AQU_5085-1024x683.jpg 1024w, http:\/\/maudveith.com\/wp-content\/uploads\/2025\/10\/AQU_5085-300x200.jpg 300w, http:\/\/maudveith.com\/wp-content\/uploads\/2025\/10\/AQU_5085-768x512.jpg 768w, http:\/\/maudveith.com\/wp-content\/uploads\/2025\/10\/AQU_5085-1536x1024.jpg 1536w, http:\/\/maudveith.com\/wp-content\/uploads\/2025\/10\/AQU_5085.jpg 1890w\" sizes=\"auto, (max-width: 1024px) 100vw, 1024px\" \/><\/figure>\n<\/figure>\n\n\n\n<p><style type=\"text\/css\">\n\t<!-- @page { margin: 2cm } PRE.western { font-family: \"Arial\", sans-serif } PRE.cjk { font-family: \"NSimSun\", monospace } P { margin-bottom: 0.21cm } --><br \/>\t<\/style><\/p>\n\n\n\n<div class=\"wp-block-group\"><div class=\"wp-block-group__inner-container is-layout-flow wp-block-group-is-layout-flow\">\n<h6 class=\"wp-block-heading has-small-font-size\">2019 -2025 \/ L&rsquo;association Les Poussi\u00e8res g\u00e8re et anime un lieu culturel de proximit\u00e9 dans le centre d&rsquo;Aubervilliers. Elle organise sa bi-annuelle \u00abd\u00e9ambulation des lanternes\u00bb depuis 2012. Fruit d&rsquo;ateliers de fabrication avec les habitants, cette d\u00e9ambulation est une \u0153uvre po\u00e9tique et lumineuse qui a rassembl\u00e9 cette ann\u00e9e 2000 participants.es autour de 370 lanternes dans l&rsquo;espace public. A chaque d\u00e9but d&rsquo;ateliers, l&rsquo;\u00e9quipe des Poussi\u00e8res interroge les participants.es sur ce que leur \u00e9voque la nouvelle th\u00e9matique : L&rsquo;Eveil des Invisibles. Colette, agente d&rsquo;entretien dans le quartier de la Maladrerie, r\u00e9pond spontan\u00e9ment&nbsp;:&nbsp;\u00ab&nbsp;les invisibles, c&rsquo;est nous&nbsp;!&nbsp;\u00bb. Outre la dimension artistique, le projet des lanternes a en effet une port\u00e9e politique. Il rassemble et valorise les habitants d&rsquo;une p\u00e9riph\u00e9rie de Paris souvent oubli\u00e9s et stigmatis\u00e9s. La simplicit\u00e9 de manipulation de l&rsquo;osier permet de donner forme a un objet de caract\u00e8re en peu de temps. Parents et enfants fabriquent ensemble et paradent fi\u00e8rement avec leur lanternes dans les rues d&rsquo;Aubervilliers qui le temps d&rsquo;une soir\u00e9e rayonnent de joie et d&rsquo;optimisme.<\/h6>\n<\/div><\/div>\n","protected":false},"excerpt":{"rendered":"<p>L\u2019association Les Poussi\u00e8res g\u00e8re et anime un lieu culturel de proximit\u00e9 dans le centre d\u2019Aubervilliers. Elle organise sa bi-annuelle \u00abd\u00e9ambulation des lanternes\u00bb depuis 2012. J&rsquo;ai&#8230;<\/p>\n<div class=\"more-link-wrapper\"><a class=\"more-link\" href=\"http:\/\/maudveith.com\/?page_id=1545\">Continue Reading<span class=\"screen-reader-text\">La parade des lanternes, 2019\/2025<\/span><\/a><\/div>\n","protected":false},"author":1,"featured_media":0,"parent":0,"menu_order":0,"comment_status":"closed","ping_status":"closed","template":"","meta":{"footnotes":""},"class_list":["post-1545","page","type-page","status-publish","hentry","entry"],"_links":{"self":[{"href":"http:\/\/maudveith.com\/index.php?rest_route=\/wp\/v2\/pages\/1545","targetHints":{"allow":["GET"]}}],"collection":[{"href":"http:\/\/maudveith.com\/index.php?rest_route=\/wp\/v2\/pages"}],"about":[{"href":"http:\/\/maudveith.com\/index.php?rest_route=\/wp\/v2\/types\/page"}],"author":[{"embeddable":true,"href":"http:\/\/maudveith.com\/index.php?rest_route=\/wp\/v2\/users\/1"}],"replies":[{"embeddable":true,"href":"http:\/\/maudveith.com\/index.php?rest_route=%2Fwp%2Fv2%2Fcomments&post=1545"}],"version-history":[{"count":50,"href":"http:\/\/maudveith.com\/index.php?rest_route=\/wp\/v2\/pages\/1545\/revisions"}],"predecessor-version":[{"id":3023,"href":"http:\/\/maudveith.com\/index.php?rest_route=\/wp\/v2\/pages\/1545\/revisions\/3023"}],"wp:attachment":[{"href":"http:\/\/maudveith.com\/index.php?rest_route=%2Fwp%2Fv2%2Fmedia&parent=1545"}],"curies":[{"name":"wp","href":"https:\/\/api.w.org\/{rel}","templated":true}]}}